{"id":3233,"date":"2014-09-17T12:49:30","date_gmt":"2014-09-17T12:49:30","guid":{"rendered":"http:\/\/boilermag.com.gridhosted.co.uk\/?page_id=3233"},"modified":"2019-03-04T14:51:24","modified_gmt":"2019-03-04T14:51:24","slug":"umweltpolitik","status":"publish","type":"page","link":"https:\/\/www.boilermag.com\/de\/ueber-uns\/umweltpolitik\/","title":{"rendered":"Umweltpolitik"},"content":{"rendered":"[vc_row][vc_column][vc_gallery interval=&#8221;3&#8243; images=&#8221;6503&#8243; img_size=&#8221;full&#8221;][\/vc_column][\/vc_row][vc_row][vc_column][vc_column_text]\n<h2>Umweltpolitik<\/h2>\n[\/vc_column_text][\/vc_column][\/vc_row][vc_row][vc_column width=&#8221;1\/2&#8243;][vc_column_text]Bei der Spear &amp; Jackson Group sind wir uns bewusst, dass unsere Aktivit\u00e4ten Auswirkungen auf die Umwelt haben, etwa durch die Verwendung von Rohstoffen, durch Luftemissionen und Abf\u00e4lle. Wir verf\u00fcgen \u00fcber durchdachte Verfahren, um Energieverbrauch und Abfall zu minimieren.[\/vc_column_text][\/vc_column][vc_column width=&#8221;1\/2&#8243;][vc_column_text]Wir sehen es als unsere Pflicht an, in wichtigen Bereichen einer effizienten Energienutzung und Minimierung von Abf\u00e4llen und Luftverschmutzung kontinuierliche Verbesserungen zu erzielen. Ferner halten wir alle gesetzlichen Bestimmungen, Verordnungen und Verhaltenskodizes ein, die unsere Branche betreffen. Gem\u00e4\u00df strengen Bewertungen sind unsere internen Systeme und Verfahren vollst\u00e4ndig nach der Umweltnorm ISO\u00a014001 akkreditiert.[\/vc_column_text][vc_button2 title=&#8221;Umweltstrategie herunterladen&#8221; style=&#8221;square&#8221; color=&#8221;juicy_pink&#8221; size=&#8221;lg&#8221; link=&#8221;url:%2Fwp-content%2Fuploads%2Fdownloads%2Fenvironment_policy.pdf||&#8221;][\/vc_column][\/vc_row]\n","protected":false},"excerpt":{"rendered":"<p>[vc_row][vc_column][vc_gallery interval=&#8221;3&#8243; images=&#8221;6503&#8243; img_size=&#8221;full&#8221;][\/vc_column][\/vc_row][vc_row][vc_column][vc_column_text] Umweltpolitik [\/vc_column_text][\/vc_column][\/vc_row][vc_row][vc_column width=&#8221;1\/2&#8243;][vc_column_text]Bei der Spear &amp; Jackson Group sind wir uns bewusst, dass unsere Aktivit\u00e4ten Auswirkungen auf die Umwelt haben, etwa durch die Verwendung von Rohstoffen, durch Luftemissionen und Abf\u00e4lle. Wir verf\u00fcgen \u00fcber durchdachte Verfahren, um Energieverbrauch und Abfall zu minimieren.[\/vc_column_text][\/vc_column][vc_column width=&#8221;1\/2&#8243;][vc_column_text]Wir sehen es als unsere&#8230; <\/p>\n<p><a class=\"readmore\" href=\"https:\/\/www.boilermag.com\/de\/ueber-uns\/umweltpolitik\/\">Read More<\/a><\/p>\n","protected":false},"author":1,"featured_media":0,"parent":3292,"menu_order":0,"comment_status":"closed","ping_status":"closed","template":"","meta":{"footnotes":""},"class_list":["post-3233","page","type-page","status-publish","hentry"],"yoast_head":"<!-- This site is optimized with the Yoast SEO plugin v27.1 - https:\/\/yoast.com\/product\/yoast-seo-wordpress\/ -->\n<title>Umweltpolitik - BoilerMag<\/title>\n<meta name=\"description\" content=\"At Eclipse Magnetics, we recognise our activities have an environmental impact in terms of use of raw materials, emissions to air and waste generation.\" \/>\n<meta name=\"robots\" content=\"index, follow, max-snippet:-1, max-image-preview:large, max-video-preview:-1\" \/>\n<link rel=\"canonical\" href=\"https:\/\/www.boilermag.com\/de\/ueber-uns\/umweltpolitik\/\" \/>\n<meta property=\"og:locale\" content=\"en_US\" \/>\n<meta property=\"og:type\" content=\"article\" \/>\n<meta property=\"og:title\" content=\"Umweltpolitik - BoilerMag\" \/>\n<meta property=\"og:description\" content=\"At Eclipse Magnetics, we recognise our activities have an environmental impact in terms of use of raw materials, emissions to air and waste generation.\" \/>\n<meta property=\"og:url\" content=\"https:\/\/www.boilermag.com\/de\/ueber-uns\/umweltpolitik\/\" \/>\n<meta property=\"og:site_name\" content=\"BoilerMag\" \/>\n<meta property=\"article:modified_time\" content=\"2019-03-04T14:51:24+00:00\" \/>\n<meta name=\"twitter:label1\" content=\"Est. reading time\" \/>\n\t<meta name=\"twitter:data1\" content=\"1 minute\" \/>\n<script type=\"application\/ld+json\" class=\"yoast-schema-graph\">{\"@context\":\"https:\/\/schema.org\",\"@graph\":[{\"@type\":\"WebPage\",\"@id\":\"https:\/\/www.boilermag.com\/de\/ueber-uns\/umweltpolitik\/\",\"url\":\"https:\/\/www.boilermag.com\/de\/ueber-uns\/umweltpolitik\/\",\"name\":\"Umweltpolitik - BoilerMag\",\"isPartOf\":{\"@id\":\"https:\/\/www.boilermag.com\/de\/#website\"},\"datePublished\":\"2014-09-17T12:49:30+00:00\",\"dateModified\":\"2019-03-04T14:51:24+00:00\",\"description\":\"At Eclipse Magnetics, we recognise our activities have an environmental impact in terms of use of raw materials, emissions to air and waste generation.\",\"breadcrumb\":{\"@id\":\"https:\/\/www.boilermag.com\/de\/ueber-uns\/umweltpolitik\/#breadcrumb\"},\"inLanguage\":\"en-US\",\"potentialAction\":[{\"@type\":\"ReadAction\",\"target\":[\"https:\/\/www.boilermag.com\/de\/ueber-uns\/umweltpolitik\/\"]}]},{\"@type\":\"BreadcrumbList\",\"@id\":\"https:\/\/www.boilermag.com\/de\/ueber-uns\/umweltpolitik\/#breadcrumb\",\"itemListElement\":[{\"@type\":\"ListItem\",\"position\":1,\"name\":\"Home\",\"item\":\"https:\/\/www.boilermag.com\/de\/\"},{\"@type\":\"ListItem\",\"position\":2,\"name\":\"\u00dcber uns\",\"item\":\"https:\/\/www.boilermag.com\/de\/ueber-uns\/\"},{\"@type\":\"ListItem\",\"position\":3,\"name\":\"Umweltpolitik\"}]},{\"@type\":\"WebSite\",\"@id\":\"https:\/\/www.boilermag.com\/de\/#website\",\"url\":\"https:\/\/www.boilermag.com\/de\/\",\"name\":\"BoilerMag\",\"description\":\"High Quality Magnetic Heating System Filters\",\"potentialAction\":[{\"@type\":\"SearchAction\",\"target\":{\"@type\":\"EntryPoint\",\"urlTemplate\":\"https:\/\/www.boilermag.com\/de\/?s={search_term_string}\"},\"query-input\":{\"@type\":\"PropertyValueSpecification\",\"valueRequired\":true,\"valueName\":\"search_term_string\"}}],\"inLanguage\":\"en-US\"}]}<\/script>\n<!-- \/ Yoast SEO plugin. -->","yoast_head_json":{"title":"Umweltpolitik - BoilerMag","description":"At Eclipse Magnetics, we recognise our activities have an environmental impact in terms of use of raw materials, emissions to air and waste generation.","robots":{"index":"index","follow":"follow","max-snippet":"max-snippet:-1","max-image-preview":"max-image-preview:large","max-video-preview":"max-video-preview:-1"},"canonical":"https:\/\/www.boilermag.com\/de\/ueber-uns\/umweltpolitik\/","og_locale":"en_US","og_type":"article","og_title":"Umweltpolitik - BoilerMag","og_description":"At Eclipse Magnetics, we recognise our activities have an environmental impact in terms of use of raw materials, emissions to air and waste generation.","og_url":"https:\/\/www.boilermag.com\/de\/ueber-uns\/umweltpolitik\/","og_site_name":"BoilerMag","article_modified_time":"2019-03-04T14:51:24+00:00","twitter_misc":{"Est. reading time":"1 minute"},"schema":{"@context":"https:\/\/schema.org","@graph":[{"@type":"WebPage","@id":"https:\/\/www.boilermag.com\/de\/ueber-uns\/umweltpolitik\/","url":"https:\/\/www.boilermag.com\/de\/ueber-uns\/umweltpolitik\/","name":"Umweltpolitik - BoilerMag","isPartOf":{"@id":"https:\/\/www.boilermag.com\/de\/#website"},"datePublished":"2014-09-17T12:49:30+00:00","dateModified":"2019-03-04T14:51:24+00:00","description":"At Eclipse Magnetics, we recognise our activities have an environmental impact in terms of use of raw materials, emissions to air and waste generation.","breadcrumb":{"@id":"https:\/\/www.boilermag.com\/de\/ueber-uns\/umweltpolitik\/#breadcrumb"},"inLanguage":"en-US","potentialAction":[{"@type":"ReadAction","target":["https:\/\/www.boilermag.com\/de\/ueber-uns\/umweltpolitik\/"]}]},{"@type":"BreadcrumbList","@id":"https:\/\/www.boilermag.com\/de\/ueber-uns\/umweltpolitik\/#breadcrumb","itemListElement":[{"@type":"ListItem","position":1,"name":"Home","item":"https:\/\/www.boilermag.com\/de\/"},{"@type":"ListItem","position":2,"name":"\u00dcber uns","item":"https:\/\/www.boilermag.com\/de\/ueber-uns\/"},{"@type":"ListItem","position":3,"name":"Umweltpolitik"}]},{"@type":"WebSite","@id":"https:\/\/www.boilermag.com\/de\/#website","url":"https:\/\/www.boilermag.com\/de\/","name":"BoilerMag","description":"High Quality Magnetic Heating System Filters","potentialAction":[{"@type":"SearchAction","target":{"@type":"EntryPoint","urlTemplate":"https:\/\/www.boilermag.com\/de\/?s={search_term_string}"},"query-input":{"@type":"PropertyValueSpecification","valueRequired":true,"valueName":"search_term_string"}}],"inLanguage":"en-US"}]}},"_links":{"self":[{"href":"https:\/\/www.boilermag.com\/de\/wp-json\/wp\/v2\/pages\/3233","targetHints":{"allow":["GET"]}}],"collection":[{"href":"https:\/\/www.boilermag.com\/de\/wp-json\/wp\/v2\/pages"}],"about":[{"href":"https:\/\/www.boilermag.com\/de\/wp-json\/wp\/v2\/types\/page"}],"author":[{"embeddable":true,"href":"https:\/\/www.boilermag.com\/de\/wp-json\/wp\/v2\/users\/1"}],"replies":[{"embeddable":true,"href":"https:\/\/www.boilermag.com\/de\/wp-json\/wp\/v2\/comments?post=3233"}],"version-history":[{"count":5,"href":"https:\/\/www.boilermag.com\/de\/wp-json\/wp\/v2\/pages\/3233\/revisions"}],"predecessor-version":[{"id":6654,"href":"https:\/\/www.boilermag.com\/de\/wp-json\/wp\/v2\/pages\/3233\/revisions\/6654"}],"up":[{"embeddable":true,"href":"https:\/\/www.boilermag.com\/de\/wp-json\/wp\/v2\/pages\/3292"}],"wp:attachment":[{"href":"https:\/\/www.boilermag.com\/de\/wp-json\/wp\/v2\/media?parent=3233"}],"curies":[{"name":"wp","href":"https:\/\/api.w.org\/{rel}","templated":true}]}}