{"id":4048,"date":"2014-10-28T13:32:14","date_gmt":"2014-10-28T13:32:14","guid":{"rendered":"http:\/\/boilermag.com.gridhosted.co.uk\/?page_id=4048"},"modified":"2019-03-05T09:39:40","modified_gmt":"2019-03-05T09:39:40","slug":"boilermag-xt-fuer-industrie","status":"publish","type":"page","link":"https:\/\/www.boilermag.com\/de\/produkte\/boilermag-xt-fuer-industrie\/","title":{"rendered":"Boilermag XT f\u00fcr Industrie"},"content":{"rendered":"[vc_row][vc_column width=&#8221;1\/3&#8243;][vc_column_text]\n<h4>Schutz f\u00fcr industrielle Heizsysteme<\/h4>\n<p>Als ideale L\u00f6sung f\u00fcr gro\u00dfe Heizsysteme verhindert Boilmermag XT die Bildung von Eisenoxid und Kesselstein in Zentralheizungsanlagen, reduziert die Energiekosten, verl\u00e4ngert die Lebensdauer der Kessel und verringert die Wartungseins\u00e4tze.<\/p>\n<p>Durch den Einsatz unserer leistungsstarken Flow-Technologie stellt Boilermag XT sicher, dass nahezu 100\u00a0% der unerw\u00fcnschten Ablagerungen aus dem System entfernt werden.<\/p>\n<ul>\n<li>Einfache Installation und Wartung<\/li>\n<li>Bewahrt die optimale Heizleistung<\/li>\n<li>Erh\u00e4ltlich im Bereich von 2&#8243; bis 12&#8243;<\/li>\n<li>Betriebsdruck bis zu 12\u00a0bar<\/li>\n<li>Hochintensive Magnetst\u00e4be fangen selbst kleinste Partikel ein<\/li>\n<li>Hohe Aufnahmekapazit\u00e4t<\/li>\n<li>10 Jahre Boilermag-Garantie<\/li>\n<li>Keine laufenden Kosten<\/li>\n<li>Hochwertige Verarbeitung<\/li>\n<li>Automatische Entl\u00fcftung<\/li>\n<li>Vollstromfilter<\/li>\n<\/ul>\n[\/vc_column_text][\/vc_column][vc_column width=&#8221;2\/3&#8243;][vc_gallery interval=&#8221;0&#8243; images=&#8221;6490&#8243; img_size=&#8221;large&#8221; onclick=&#8221;&#8221;][\/vc_column][\/vc_row][vc_row][vc_column]<div class=\"sub-content\"><h6 class=\"h-sub-content\">BoilermagXT\u00a0\u2013 der Vollstromfilter<\/h6><\/div>[vc_row_inner][vc_column_inner width=&#8221;1\/2&#8243;][vc_column_text]BoilermagXT ist ein <strong>Vollstromfilter<\/strong>, der 100\u00a0% des Wassers in einem Durchgang filtert.<\/p>\n<p>Ein Vollstromfilter ist in der Leitung innerhalb des Hauptkreislaufs integriert, sodass bei jedem Durchlauf 100\u00a0% des Systemwassers durch den Filter str\u00f6men. Dadurch kann der BoilermagXT den gesamten schwarzen Schlamm mit hoher Effizienz im ersten Durchlauf extrahieren.<\/p>\n<p>Es ist entscheidend, dass Magnetit sofort aus dem Kreislauf entfernt wird, bevor es den Kessel erreicht. Die Seitenstrommethode ist eine riskante Option, da Magnetit vor der Aufnahme mehrmals im Kreislauf zirkulieren kann, was in der Zwischenzeit zu Sch\u00e4den am System f\u00fchren kann.<\/p>\n<p>F\u00fcr 1\u00bd&#8221;-Anschl\u00fcsse: siehe Boilermag XL[\/vc_column_text][\/vc_column_inner][vc_column_inner width=&#8221;1\/2&#8243;][vc_raw_html]JTNDaWZyYW1lJTIwd2lkdGglM0QlMjI1NjAlMjIlMjBoZWlnaHQlM0QlMjIzMTUlMjIlMjBzcmMlM0QlMjJodHRwcyUzQSUyRiUyRnd3dy55b3V0dWJlLmNvbSUyRmVtYmVkJTJGOUc1RzR3UUhoRVklM0ZyZWwlM0QwJTIyJTIwZnJhbWVib3JkZXIlM0QlMjIwJTIyJTIwYWxsb3dmdWxsc2NyZWVuJTNFJTNDJTJGaWZyYW1lJTNF[\/vc_raw_html][\/vc_column_inner][\/vc_row_inner][vc_row_inner][vc_column_inner width=&#8221;1\/2&#8243;][vc_single_image image=&#8221;6699&#8243; img_size=&#8221;full&#8221;][\/vc_column_inner][vc_column_inner width=&#8221;1\/2&#8243;][vc_single_image image=&#8221;6700&#8243; img_size=&#8221;full&#8221;][\/vc_column_inner][\/vc_row_inner][\/vc_column][\/vc_row][vc_row][vc_column width=&#8221;1\/3&#8243;]<div class=\"sub-content\"><h6 class=\"h-sub-content\">Boilermag XT Brosch\u00fcre<\/h6><\/div>[vc_button2 title=&#8221;Download&#8221; style=&#8221;square&#8221; color=&#8221;juicy_pink&#8221; size=&#8221;lg&#8221; link=&#8221;url:https%3A%2F%2Fwww.boilermag.com%2Fde%2Fwp-content%2Fuploads%2F2019%2F03%2FBoilermag-XL-XT-Brochure-German.pdf|title:Leaflet|target:%20_blank|&#8221;][vc_empty_space][\/vc_column][vc_column width=&#8221;1\/3&#8243;]<div class=\"sub-content\"><h6 class=\"h-sub-content\">Installations- und Wartungsanleitungen<\/h6><\/div>[vc_button2 title=&#8221;Download&#8221; style=&#8221;square&#8221; color=&#8221;juicy_pink&#8221; size=&#8221;lg&#8221; link=&#8221;url:https%3A%2F%2Fwww.boilermag.com%2Fde%2Fwp-content%2Fuploads%2F2019%2F02%2FSJ-Boilermag-XT-manual.pdf|title:Service%20Instructions|target:%20_blank|&#8221;][\/vc_column][vc_column width=&#8221;1\/3&#8243;]<div class=\"sub-content\"><h6 class=\"h-sub-content\">BIM-Zeichnungen herunterladen<\/h6><\/div>[vc_button2 title=&#8221;Download&#8221; style=&#8221;square&#8221; color=&#8221;juicy_pink&#8221; size=&#8221;lg&#8221; link=&#8221;url:http%3A%2F%2Fwww.boilermag.com%2Fde%2Fbim-drawing-downloads%2F|title:BIM%20Drawings%20Download||&#8221;][\/vc_column][\/vc_row]\n","protected":false},"excerpt":{"rendered":"<p>[vc_row][vc_column width=&#8221;1\/3&#8243;][vc_column_text] Schutz f\u00fcr industrielle Heizsysteme Als ideale L\u00f6sung f\u00fcr gro\u00dfe Heizsysteme verhindert Boilmermag XT die Bildung von Eisenoxid und Kesselstein in Zentralheizungsanlagen, reduziert die Energiekosten, verl\u00e4ngert die Lebensdauer der Kessel und verringert die Wartungseins\u00e4tze. Durch den Einsatz unserer leistungsstarken Flow-Technologie stellt Boilermag XT sicher, dass nahezu 100\u00a0% der unerw\u00fcnschten&#8230; <\/p>\n<p><a class=\"readmore\" href=\"https:\/\/www.boilermag.com\/de\/produkte\/boilermag-xt-fuer-industrie\/\">Read More<\/a><\/p>\n","protected":false},"author":1,"featured_media":0,"parent":2,"menu_order":0,"comment_status":"closed","ping_status":"closed","template":"","meta":{"footnotes":""},"class_list":["post-4048","page","type-page","status-publish","hentry"],"yoast_head":"<!-- This site is optimized with the Yoast SEO plugin v27.1 - https:\/\/yoast.com\/product\/yoast-seo-wordpress\/ -->\n<title>Boilermag XT f\u00fcr Industrie - BoilerMag<\/title>\n<meta name=\"description\" content=\"Ideal for large heating systems, Boilermag XT prevents the build-up of ferrous oxide and scale\" \/>\n<meta name=\"robots\" content=\"index, follow, max-snippet:-1, max-image-preview:large, max-video-preview:-1\" \/>\n<link rel=\"canonical\" href=\"https:\/\/www.boilermag.com\/de\/produkte\/boilermag-xt-fuer-industrie\/\" \/>\n<meta property=\"og:locale\" content=\"en_US\" \/>\n<meta property=\"og:type\" content=\"article\" \/>\n<meta property=\"og:title\" content=\"Boilermag XT f\u00fcr Industrie - BoilerMag\" \/>\n<meta property=\"og:description\" content=\"Ideal for large heating systems, Boilermag XT prevents the build-up of ferrous oxide and scale\" \/>\n<meta property=\"og:url\" content=\"https:\/\/www.boilermag.com\/de\/produkte\/boilermag-xt-fuer-industrie\/\" \/>\n<meta property=\"og:site_name\" content=\"BoilerMag\" \/>\n<meta property=\"article:modified_time\" content=\"2019-03-05T09:39:40+00:00\" \/>\n<meta name=\"twitter:label1\" content=\"Est. reading time\" \/>\n\t<meta name=\"twitter:data1\" content=\"2 minutes\" \/>\n<script type=\"application\/ld+json\" class=\"yoast-schema-graph\">{\"@context\":\"https:\/\/schema.org\",\"@graph\":[{\"@type\":\"WebPage\",\"@id\":\"https:\/\/www.boilermag.com\/de\/produkte\/boilermag-xt-fuer-industrie\/\",\"url\":\"https:\/\/www.boilermag.com\/de\/produkte\/boilermag-xt-fuer-industrie\/\",\"name\":\"Boilermag XT f\u00fcr Industrie - BoilerMag\",\"isPartOf\":{\"@id\":\"https:\/\/www.boilermag.com\/de\/#website\"},\"datePublished\":\"2014-10-28T13:32:14+00:00\",\"dateModified\":\"2019-03-05T09:39:40+00:00\",\"description\":\"Ideal for large heating systems, Boilermag XT prevents the build-up of ferrous oxide and scale\",\"breadcrumb\":{\"@id\":\"https:\/\/www.boilermag.com\/de\/produkte\/boilermag-xt-fuer-industrie\/#breadcrumb\"},\"inLanguage\":\"en-US\",\"potentialAction\":[{\"@type\":\"ReadAction\",\"target\":[\"https:\/\/www.boilermag.com\/de\/produkte\/boilermag-xt-fuer-industrie\/\"]}]},{\"@type\":\"BreadcrumbList\",\"@id\":\"https:\/\/www.boilermag.com\/de\/produkte\/boilermag-xt-fuer-industrie\/#breadcrumb\",\"itemListElement\":[{\"@type\":\"ListItem\",\"position\":1,\"name\":\"Home\",\"item\":\"https:\/\/www.boilermag.com\/de\/\"},{\"@type\":\"ListItem\",\"position\":2,\"name\":\"Produkte\",\"item\":\"https:\/\/www.boilermag.com\/de\/produkte\/\"},{\"@type\":\"ListItem\",\"position\":3,\"name\":\"Boilermag XT f\u00fcr Industrie\"}]},{\"@type\":\"WebSite\",\"@id\":\"https:\/\/www.boilermag.com\/de\/#website\",\"url\":\"https:\/\/www.boilermag.com\/de\/\",\"name\":\"BoilerMag\",\"description\":\"High Quality Magnetic Heating System Filters\",\"potentialAction\":[{\"@type\":\"SearchAction\",\"target\":{\"@type\":\"EntryPoint\",\"urlTemplate\":\"https:\/\/www.boilermag.com\/de\/?s={search_term_string}\"},\"query-input\":{\"@type\":\"PropertyValueSpecification\",\"valueRequired\":true,\"valueName\":\"search_term_string\"}}],\"inLanguage\":\"en-US\"}]}<\/script>\n<!-- \/ Yoast SEO plugin. -->","yoast_head_json":{"title":"Boilermag XT f\u00fcr Industrie - BoilerMag","description":"Ideal for large heating systems, Boilermag XT prevents the build-up of ferrous oxide and scale","robots":{"index":"index","follow":"follow","max-snippet":"max-snippet:-1","max-image-preview":"max-image-preview:large","max-video-preview":"max-video-preview:-1"},"canonical":"https:\/\/www.boilermag.com\/de\/produkte\/boilermag-xt-fuer-industrie\/","og_locale":"en_US","og_type":"article","og_title":"Boilermag XT f\u00fcr Industrie - BoilerMag","og_description":"Ideal for large heating systems, Boilermag XT prevents the build-up of ferrous oxide and scale","og_url":"https:\/\/www.boilermag.com\/de\/produkte\/boilermag-xt-fuer-industrie\/","og_site_name":"BoilerMag","article_modified_time":"2019-03-05T09:39:40+00:00","twitter_misc":{"Est. reading time":"2 minutes"},"schema":{"@context":"https:\/\/schema.org","@graph":[{"@type":"WebPage","@id":"https:\/\/www.boilermag.com\/de\/produkte\/boilermag-xt-fuer-industrie\/","url":"https:\/\/www.boilermag.com\/de\/produkte\/boilermag-xt-fuer-industrie\/","name":"Boilermag XT f\u00fcr Industrie - BoilerMag","isPartOf":{"@id":"https:\/\/www.boilermag.com\/de\/#website"},"datePublished":"2014-10-28T13:32:14+00:00","dateModified":"2019-03-05T09:39:40+00:00","description":"Ideal for large heating systems, Boilermag XT prevents the build-up of ferrous oxide and scale","breadcrumb":{"@id":"https:\/\/www.boilermag.com\/de\/produkte\/boilermag-xt-fuer-industrie\/#breadcrumb"},"inLanguage":"en-US","potentialAction":[{"@type":"ReadAction","target":["https:\/\/www.boilermag.com\/de\/produkte\/boilermag-xt-fuer-industrie\/"]}]},{"@type":"BreadcrumbList","@id":"https:\/\/www.boilermag.com\/de\/produkte\/boilermag-xt-fuer-industrie\/#breadcrumb","itemListElement":[{"@type":"ListItem","position":1,"name":"Home","item":"https:\/\/www.boilermag.com\/de\/"},{"@type":"ListItem","position":2,"name":"Produkte","item":"https:\/\/www.boilermag.com\/de\/produkte\/"},{"@type":"ListItem","position":3,"name":"Boilermag XT f\u00fcr Industrie"}]},{"@type":"WebSite","@id":"https:\/\/www.boilermag.com\/de\/#website","url":"https:\/\/www.boilermag.com\/de\/","name":"BoilerMag","description":"High Quality Magnetic Heating System Filters","potentialAction":[{"@type":"SearchAction","target":{"@type":"EntryPoint","urlTemplate":"https:\/\/www.boilermag.com\/de\/?s={search_term_string}"},"query-input":{"@type":"PropertyValueSpecification","valueRequired":true,"valueName":"search_term_string"}}],"inLanguage":"en-US"}]}},"_links":{"self":[{"href":"https:\/\/www.boilermag.com\/de\/wp-json\/wp\/v2\/pages\/4048","targetHints":{"allow":["GET"]}}],"collection":[{"href":"https:\/\/www.boilermag.com\/de\/wp-json\/wp\/v2\/pages"}],"about":[{"href":"https:\/\/www.boilermag.com\/de\/wp-json\/wp\/v2\/types\/page"}],"author":[{"embeddable":true,"href":"https:\/\/www.boilermag.com\/de\/wp-json\/wp\/v2\/users\/1"}],"replies":[{"embeddable":true,"href":"https:\/\/www.boilermag.com\/de\/wp-json\/wp\/v2\/comments?post=4048"}],"version-history":[{"count":5,"href":"https:\/\/www.boilermag.com\/de\/wp-json\/wp\/v2\/pages\/4048\/revisions"}],"predecessor-version":[{"id":6703,"href":"https:\/\/www.boilermag.com\/de\/wp-json\/wp\/v2\/pages\/4048\/revisions\/6703"}],"up":[{"embeddable":true,"href":"https:\/\/www.boilermag.com\/de\/wp-json\/wp\/v2\/pages\/2"}],"wp:attachment":[{"href":"https:\/\/www.boilermag.com\/de\/wp-json\/wp\/v2\/media?parent=4048"}],"curies":[{"name":"wp","href":"https:\/\/api.w.org\/{rel}","templated":true}]}}