{"id":4261,"date":"2014-10-30T08:39:37","date_gmt":"2014-10-30T08:39:37","guid":{"rendered":"http:\/\/boilermag.com.gridhosted.co.uk\/?page_id=4261"},"modified":"2019-03-04T16:12:59","modified_gmt":"2019-03-04T16:12:59","slug":"datenschutzerklaerung","status":"publish","type":"page","link":"https:\/\/www.boilermag.com\/de\/ueber-uns\/datenschutzerklaerung\/","title":{"rendered":"Spear &#038; Jackson Group\u00a0\u2013 Datenschutzerkl\u00e4rung"},"content":{"rendered":"[vc_row][vc_column width=&#8221;1\/2&#8243;][vc_column_text]Zu den Unternehmen der Spear &amp; Jackson Gruppe geh\u00f6ren: Baty International, Bowers Group, Eclipse Magnetics, Eclipse Tools North America, Robert Sorby, Spear &amp; Jackson und Turners Retreat.<\/p>\n<p>Die Datenschutzgrunds\u00e4tze der Spear &amp; Jackson Group sind eindeutig: Wir verpflichten uns, Ihre Online-Datenschutzrechte zu sch\u00fctzen und arbeiten gem\u00e4\u00df den Richtlinien des aktuellen Datenschutzgesetzes. Unsere Datenschutzerkl\u00e4rung zielt darauf ab, offenzulegen, welche Daten \u00fcber Benutzer von Websites der Spear &amp; Jackson-Gruppe protokolliert, wie diese Informationen verwendet werden und wie diese Daten entfernt\/ge\u00e4ndert werden k\u00f6nnen.<\/p>\n<p><strong>Automatisch erfasste und gespeicherte Daten<\/strong><\/p>\n<p>Wenn Sie eine Website durchsuchen, werden m\u00f6glicherweise bestimmte personenbezogene Daten von Ihnen erfasst. Wir erfassen automatisch die folgenden Daten \u00fcber Ihren Besuch und speichern sie vor\u00fcbergehend:<\/p>\n<ul>\n<li>den Namen der Domain, \u00fcber die Sie auf das Internet zugreifen<\/li>\n<li>das Datum und die Uhrzeit Ihres Besuchs<\/li>\n<li>die Seiten, die Sie besucht haben<\/li>\n<\/ul>\n<p>Wir verwenden diese Informationen f\u00fcr statistische Zwecke und um unsere Website f\u00fcr die Besucher n\u00fctzlicher zu machen. Sofern nicht ausdr\u00fccklich anders angegeben, werden keine weiteren Daten \u00fcber Sie erfasst.<\/p>\n<p><strong>Mit Zustimmung erfasste Daten<\/strong><\/p>\n<p>Eventuell bitten wir Sie, uns freiwillig personenbezogene Daten wie Ihren pers\u00f6nlichen Namen, Ihren Firmennamen und Ihre E-Mail-Adresse \u00fcber unsere Kontaktformulare f\u00fcr die Korrespondenz zur Verf\u00fcgung zu stellen.<\/p>\n<p>Zum Zeitpunkt der Erfassung Ihrer Daten k\u00f6nnen Sie ausw\u00e4hlen, ob Sie weitere Informationen \u00fcber Sonderangebote, Produktinformationen oder andere Marketingmitteilungen erhalten m\u00f6chten. Wenn Sie sich daf\u00fcr entscheiden, diese Mitteilungen nicht zu erhalten, werden wir die von Ihnen zur Verf\u00fcgung gestellten Daten nicht f\u00fcr diesen Zweck verwenden.<\/p>\n<p><strong>Cookies<\/strong><\/p>\n<p>Anhand von Cookies kann eine Website den Browser eines Benutzers von einem fr\u00fcheren Besuch erkennen und damit alle Einstellungen, die dieser m\u00f6glicherweise w\u00e4hrend des Besuchs der Website festgelegt hat, speichern und erneut abrufen. Sie k\u00f6nnen Ihren Browser so einstellen, dass er Sie dar\u00fcber informiert, wenn ein Cookie platziert wird, sodass Sie die M\u00f6glichkeit haben, zu entscheiden, ob Sie das Cookie akzeptieren oder nicht.[\/vc_column_text][\/vc_column][vc_column width=&#8221;1\/2&#8243;][vc_column_text]<strong>Verwendung von Daten<\/strong><\/p>\n<p>Die Spear &amp; Jackson Group verwendet Ihre Daten zusammen mit anderen Informationen f\u00fcr die Verwaltung, den Kundenservice, das Marketing und die Erstellung eines Benutzerprofils. M\u00f6glicherweise speichern wir Ihre Daten \u00fcber einen gewissen Zeitraum, um Sie \u00fcber unsere Dienstleistungen zu informieren. Wir k\u00f6nnen Sie per Post, Telefon, Fax oder E-Mail kontaktieren, um Sie \u00fcber Produkte, Dienstleistungen und Werbeaktionen zu informieren, die f\u00fcr Sie interessant sein k\u00f6nnten.<\/p>\n<p><strong>Geheimhaltung<\/strong><\/p>\n<p>Die Spear &amp; Jackson Group wird keine personenbezogenen Daten \u00fcber Besucher ihrer Websites preisgeben, weitergeben, verkaufen oder \u00fcbertragen, es sei denn, dies ist gesetzlich vorgeschrieben.<\/p>\n<p><strong>Abonnement k\u00fcndigen<\/strong><\/p>\n<p>Wenn Sie zu irgendeinem Zeitpunkt nicht mehr auf diese Weise kontaktiert werden m\u00f6chten, senden Sie bitte eine E-Mail an: unsubscribe@spearandjacksongroup.com<\/p>\n<p>In allen E-Mail-Mitteilungen, die Sie von der Spear &amp; Jackson Group erhalten, finden Sie auch Informationen dazu, wie Sie weitere E-Mail-Mitteilungen ablehnen k\u00f6nnen. Wir werden uns dann bem\u00fchen, Ihre Daten so schnell wie m\u00f6glich zu \u00e4ndern.<\/p>\n<p><strong>\u00c4ndern Ihrer Daten<\/strong><\/p>\n<p>Die Spear &amp; Jackson Group ist bestrebt, sicherzustellen, dass Ihre Informationen und Pr\u00e4ferenzen korrekt und vollst\u00e4ndig sind. Sollten sich Ihre Kontaktdaten ge\u00e4ndert haben, informieren Sie uns bitte per E-Mail: dataprotection@spearandjacksongroup.com<\/p>\n<p>Anfordern einer Aufstellung Ihrer personenbezogenen Daten<\/p>\n<p>Sie haben das Recht, eine Aufstellung Ihrer Daten anzufordern und eventuelle Fehler zu korrigieren.<\/p>\n<p>Wenn Sie eine Aufstellung Ihrer pers\u00f6nlichen Daten erhalten m\u00f6chten, fordern Sie diese bitte per E-Mail an diese Adresse an: dataprotection@spearandjacksongroup.com<\/p>\n<p>Datenschutzerkl\u00e4rung der Spear &amp; Jackson Group: v1, Juli 2014[\/vc_column_text][\/vc_column][\/vc_row]\n","protected":false},"excerpt":{"rendered":"<p>[vc_row][vc_column width=&#8221;1\/2&#8243;][vc_column_text]Zu den Unternehmen der Spear &amp; Jackson Gruppe geh\u00f6ren: Baty International, Bowers Group, Eclipse Magnetics, Eclipse Tools North America, Robert Sorby, Spear &amp; Jackson und Turners Retreat. Die Datenschutzgrunds\u00e4tze der Spear &amp; Jackson Group sind eindeutig: Wir verpflichten uns, Ihre Online-Datenschutzrechte zu sch\u00fctzen und arbeiten gem\u00e4\u00df den Richtlinien des&#8230; <\/p>\n<p><a class=\"readmore\" href=\"https:\/\/www.boilermag.com\/de\/ueber-uns\/datenschutzerklaerung\/\">Read More<\/a><\/p>\n","protected":false},"author":1,"featured_media":0,"parent":3292,"menu_order":0,"comment_status":"closed","ping_status":"closed","template":"","meta":{"footnotes":""},"class_list":["post-4261","page","type-page","status-publish","hentry"],"yoast_head":"<!-- This site is optimized with the Yoast SEO plugin v27.1 - https:\/\/yoast.com\/product\/yoast-seo-wordpress\/ -->\n<title>Spear &amp; Jackson Group\u00a0\u2013 Datenschutzerkl\u00e4rung - BoilerMag<\/title>\n<meta name=\"description\" content=\"The Spear &amp; Jackson Group Privacy Policy is clear: we are committed to working within the guidelines set out by the current Data Protection Act.\" \/>\n<meta name=\"robots\" content=\"index, follow, max-snippet:-1, max-image-preview:large, max-video-preview:-1\" \/>\n<link rel=\"canonical\" href=\"https:\/\/www.boilermag.com\/de\/ueber-uns\/datenschutzerklaerung\/\" \/>\n<meta property=\"og:locale\" content=\"en_US\" \/>\n<meta property=\"og:type\" content=\"article\" \/>\n<meta property=\"og:title\" content=\"Spear &amp; Jackson Group\u00a0\u2013 Datenschutzerkl\u00e4rung - BoilerMag\" \/>\n<meta property=\"og:description\" content=\"The Spear &amp; Jackson Group Privacy Policy is clear: we are committed to working within the guidelines set out by the current Data Protection Act.\" \/>\n<meta property=\"og:url\" content=\"https:\/\/www.boilermag.com\/de\/ueber-uns\/datenschutzerklaerung\/\" \/>\n<meta property=\"og:site_name\" content=\"BoilerMag\" \/>\n<meta property=\"article:modified_time\" content=\"2019-03-04T16:12:59+00:00\" \/>\n<meta name=\"twitter:label1\" content=\"Est. reading time\" \/>\n\t<meta name=\"twitter:data1\" content=\"3 minutes\" \/>\n<script type=\"application\/ld+json\" class=\"yoast-schema-graph\">{\"@context\":\"https:\/\/schema.org\",\"@graph\":[{\"@type\":\"WebPage\",\"@id\":\"https:\/\/www.boilermag.com\/de\/ueber-uns\/datenschutzerklaerung\/\",\"url\":\"https:\/\/www.boilermag.com\/de\/ueber-uns\/datenschutzerklaerung\/\",\"name\":\"Spear & Jackson Group\u00a0\u2013 Datenschutzerkl\u00e4rung - BoilerMag\",\"isPartOf\":{\"@id\":\"https:\/\/www.boilermag.com\/de\/#website\"},\"datePublished\":\"2014-10-30T08:39:37+00:00\",\"dateModified\":\"2019-03-04T16:12:59+00:00\",\"description\":\"The Spear & Jackson Group Privacy Policy is clear: we are committed to working within the guidelines set out by the current Data Protection Act.\",\"breadcrumb\":{\"@id\":\"https:\/\/www.boilermag.com\/de\/ueber-uns\/datenschutzerklaerung\/#breadcrumb\"},\"inLanguage\":\"en-US\",\"potentialAction\":[{\"@type\":\"ReadAction\",\"target\":[\"https:\/\/www.boilermag.com\/de\/ueber-uns\/datenschutzerklaerung\/\"]}]},{\"@type\":\"BreadcrumbList\",\"@id\":\"https:\/\/www.boilermag.com\/de\/ueber-uns\/datenschutzerklaerung\/#breadcrumb\",\"itemListElement\":[{\"@type\":\"ListItem\",\"position\":1,\"name\":\"Home\",\"item\":\"https:\/\/www.boilermag.com\/de\/\"},{\"@type\":\"ListItem\",\"position\":2,\"name\":\"\u00dcber uns\",\"item\":\"https:\/\/www.boilermag.com\/de\/ueber-uns\/\"},{\"@type\":\"ListItem\",\"position\":3,\"name\":\"Spear &#038; Jackson Group\u00a0\u2013 Datenschutzerkl\u00e4rung\"}]},{\"@type\":\"WebSite\",\"@id\":\"https:\/\/www.boilermag.com\/de\/#website\",\"url\":\"https:\/\/www.boilermag.com\/de\/\",\"name\":\"BoilerMag\",\"description\":\"High Quality Magnetic Heating System Filters\",\"potentialAction\":[{\"@type\":\"SearchAction\",\"target\":{\"@type\":\"EntryPoint\",\"urlTemplate\":\"https:\/\/www.boilermag.com\/de\/?s={search_term_string}\"},\"query-input\":{\"@type\":\"PropertyValueSpecification\",\"valueRequired\":true,\"valueName\":\"search_term_string\"}}],\"inLanguage\":\"en-US\"}]}<\/script>\n<!-- \/ Yoast SEO plugin. -->","yoast_head_json":{"title":"Spear & Jackson Group\u00a0\u2013 Datenschutzerkl\u00e4rung - BoilerMag","description":"The Spear & Jackson Group Privacy Policy is clear: we are committed to working within the guidelines set out by the current Data Protection Act.","robots":{"index":"index","follow":"follow","max-snippet":"max-snippet:-1","max-image-preview":"max-image-preview:large","max-video-preview":"max-video-preview:-1"},"canonical":"https:\/\/www.boilermag.com\/de\/ueber-uns\/datenschutzerklaerung\/","og_locale":"en_US","og_type":"article","og_title":"Spear & Jackson Group\u00a0\u2013 Datenschutzerkl\u00e4rung - BoilerMag","og_description":"The Spear & Jackson Group Privacy Policy is clear: we are committed to working within the guidelines set out by the current Data Protection Act.","og_url":"https:\/\/www.boilermag.com\/de\/ueber-uns\/datenschutzerklaerung\/","og_site_name":"BoilerMag","article_modified_time":"2019-03-04T16:12:59+00:00","twitter_misc":{"Est. reading time":"3 minutes"},"schema":{"@context":"https:\/\/schema.org","@graph":[{"@type":"WebPage","@id":"https:\/\/www.boilermag.com\/de\/ueber-uns\/datenschutzerklaerung\/","url":"https:\/\/www.boilermag.com\/de\/ueber-uns\/datenschutzerklaerung\/","name":"Spear & Jackson Group\u00a0\u2013 Datenschutzerkl\u00e4rung - BoilerMag","isPartOf":{"@id":"https:\/\/www.boilermag.com\/de\/#website"},"datePublished":"2014-10-30T08:39:37+00:00","dateModified":"2019-03-04T16:12:59+00:00","description":"The Spear & Jackson Group Privacy Policy is clear: we are committed to working within the guidelines set out by the current Data Protection Act.","breadcrumb":{"@id":"https:\/\/www.boilermag.com\/de\/ueber-uns\/datenschutzerklaerung\/#breadcrumb"},"inLanguage":"en-US","potentialAction":[{"@type":"ReadAction","target":["https:\/\/www.boilermag.com\/de\/ueber-uns\/datenschutzerklaerung\/"]}]},{"@type":"BreadcrumbList","@id":"https:\/\/www.boilermag.com\/de\/ueber-uns\/datenschutzerklaerung\/#breadcrumb","itemListElement":[{"@type":"ListItem","position":1,"name":"Home","item":"https:\/\/www.boilermag.com\/de\/"},{"@type":"ListItem","position":2,"name":"\u00dcber uns","item":"https:\/\/www.boilermag.com\/de\/ueber-uns\/"},{"@type":"ListItem","position":3,"name":"Spear &#038; Jackson Group\u00a0\u2013 Datenschutzerkl\u00e4rung"}]},{"@type":"WebSite","@id":"https:\/\/www.boilermag.com\/de\/#website","url":"https:\/\/www.boilermag.com\/de\/","name":"BoilerMag","description":"High Quality Magnetic Heating System Filters","potentialAction":[{"@type":"SearchAction","target":{"@type":"EntryPoint","urlTemplate":"https:\/\/www.boilermag.com\/de\/?s={search_term_string}"},"query-input":{"@type":"PropertyValueSpecification","valueRequired":true,"valueName":"search_term_string"}}],"inLanguage":"en-US"}]}},"_links":{"self":[{"href":"https:\/\/www.boilermag.com\/de\/wp-json\/wp\/v2\/pages\/4261","targetHints":{"allow":["GET"]}}],"collection":[{"href":"https:\/\/www.boilermag.com\/de\/wp-json\/wp\/v2\/pages"}],"about":[{"href":"https:\/\/www.boilermag.com\/de\/wp-json\/wp\/v2\/types\/page"}],"author":[{"embeddable":true,"href":"https:\/\/www.boilermag.com\/de\/wp-json\/wp\/v2\/users\/1"}],"replies":[{"embeddable":true,"href":"https:\/\/www.boilermag.com\/de\/wp-json\/wp\/v2\/comments?post=4261"}],"version-history":[{"count":3,"href":"https:\/\/www.boilermag.com\/de\/wp-json\/wp\/v2\/pages\/4261\/revisions"}],"predecessor-version":[{"id":6690,"href":"https:\/\/www.boilermag.com\/de\/wp-json\/wp\/v2\/pages\/4261\/revisions\/6690"}],"up":[{"embeddable":true,"href":"https:\/\/www.boilermag.com\/de\/wp-json\/wp\/v2\/pages\/3292"}],"wp:attachment":[{"href":"https:\/\/www.boilermag.com\/de\/wp-json\/wp\/v2\/media?parent=4261"}],"curies":[{"name":"wp","href":"https:\/\/api.w.org\/{rel}","templated":true}]}}