{"id":3227,"date":"2014-09-17T12:48:38","date_gmt":"2014-09-17T12:48:38","guid":{"rendered":"http:\/\/boilermag.com.gridhosted.co.uk\/?page_id=3227"},"modified":"2019-12-17T17:55:50","modified_gmt":"2019-12-17T16:55:50","slug":"presentation-de-lentreprise","status":"publish","type":"page","link":"https:\/\/www.boilermag.com\/fr\/a-propos-de\/presentation-de-lentreprise\/","title":{"rendered":"Pr\u00e9sentation de l&#8217;entreprise"},"content":{"rendered":"[vc_row][vc_column][vc_gallery interval=&#8221;3&#8243; images=&#8221;6527&#8243; img_size=&#8221;full&#8221;][\/vc_column][\/vc_row][vc_row][vc_column][vc_column_text]\n<h2>Pr\u00e9sentation de l&#8217;entreprise<\/h2>\n[\/vc_column_text][\/vc_column][\/vc_row][vc_row][vc_column width=&#8221;1\/2&#8243;]<div class=\"sub-content\"><h6 class=\"h-sub-content\">Une marque mondiale<\/h6><\/div>[vc_column_text]La gamme Boilermag est con\u00e7ue et fabriqu\u00e9e par le groupe <a href=\"http:\/\/spearandjacksongroup.com\/\">Spear And Jackson<\/a>, pionnier dans le domaine des outils portatifs, des instruments de mesure et des syst\u00e8mes de filtration magn\u00e9tique<\/p>\n<p><strong>Le groupe Spear and Jackson poss\u00e8de des centres de fabrication et de distribution ainsi que des bureaux de vente implant\u00e9s dans des lieux cl\u00e9s du monde entier. Il s&#8217;appuie \u00e9galement sur tout un r\u00e9seau international de partenaires pour la distribution et la promotion de ses produits dans plus de 100\u00a0pays.<\/strong><\/p>\n<p>Notre impressionnant portefeuille de clients, preuve de notre expertise et de la qualit\u00e9 de nos produits, compte des noms prestigieux tels que:<\/p>\n<p>Ford, Honda, BMW, Yamaha, BAE Systems, Toyota, Bosch, BP, JCB, Pepsi, Nestl\u00e9, Siemens, Kellogs, Peugeot, British Sugar, pour n&#8217;en citer que quelques-uns[\/vc_column_text]<div class=\"sub-content\"><h6 class=\"h-sub-content\">L&#8217;excellence dans la conception<\/h6><\/div>[vc_column_text]\n<p style=\"text-align: left;\">La gamme BoilerMag compos\u00e9e de filtres magn\u00e9tiques pour les syst\u00e8mes de chauffage a \u00e9t\u00e9 con\u00e7ue et d\u00e9velopp\u00e9e par la division sp\u00e9cialis\u00e9e en Magn\u00e9tisme du groupe Spear and Jackson, et est synonyme de performances magn\u00e9tiques et d&#8217;une qualit\u00e9 sans \u00e9gal. Forte d&#8217;une riche exp\u00e9rience dans la technologie magn\u00e9tique haute performance, notre \u00e9quipe sp\u00e9cialis\u00e9e en applications et tr\u00e8s exp\u00e9riment\u00e9e applique les normes les plus strictes pour la conception des produits.<\/p>\n<p style=\"text-align: left;\">Nous proposons en interne une grande vari\u00e9t\u00e9 d&#8217;op\u00e9rations de fabrication et de finition \u00e0 forte valeur ajout\u00e9e. Nos \u00e9quipes d&#8217;application technique poss\u00e8dent un important savoir-faire dans le domaine de la technologie magn\u00e9tique. Ainsi, la majorit\u00e9 de nos produits sont des innovations \u00e0 la pointe du march\u00e9.<\/p>\n<p style=\"text-align: left;\">Tous les processus de fabrication respectent le syst\u00e8me de gestion de la qualit\u00e9 certifi\u00e9 ISO 9001, ainsi que les directives industrielles correspondantes.<\/p>\n[\/vc_column_text][\/vc_column][vc_column width=&#8221;1\/2&#8243;]<div class=\"sub-content\"><h6 class=\"h-sub-content\">Une gamme in\u00e9gal\u00e9e<\/h6><\/div>[vc_column_text]Nous comptons trois grandes divisions impliqu\u00e9es dans diverses activit\u00e9s\u00a0:<\/p>\n<p><a href=\"https:\/\/www.spear-and-jackson.com\/\"><strong>\u2022 Outils (jardinage, ing\u00e9nierie, b\u00e2timent)<\/strong><\/a><br \/>\n<a href=\"https:\/\/www.bowersgroup.co.uk\/\"><strong>\u2022 Mesure de pr\u00e9cision<\/strong><\/a><br \/>\n<a href=\"https:\/\/www.eclipsemagnetics.com\/row\/\"><strong>\u2022 Technologies magn\u00e9tiques<\/strong><\/a><\/p>\n<p>Nos marques, \u00e0 savoir Neill Tools, <a href=\"http:\/\/www.bowers.co.uk\">Bowers Metrology<\/a>, <a href=\"http:\/\/www.eclipsemagnetics.com\">Eclipse Magnetics<\/a>, <a href=\"http:\/\/www.robert-sorby.co.uk\/\">Robert Sorby<\/a>, <a href=\"http:\/\/www.moore-and-wright.com\/\">Moore &amp; Wright<\/a>, <a href=\"http:\/\/www.spear-and-jackson.com\">Eclipse<\/a> et <a href=\"http:\/\/www.spear-and-jackson.com\">WHS Tyzack<\/a>, sont connues dans le monde entier.<\/p>\n<p>Beaucoup de nos produits sont uniques et brevet\u00e9s au niveau mondial.[\/vc_column_text][vc_column_text]Notre si\u00e8ge social, notre entrep\u00f4t et notre centre technique sont implant\u00e9s \u00e0 Sheffield, Grande-Bretagne.<\/p>\n<p>Nous poss\u00e9dons \u00e9galement des bureaux au Canada, en Chine et en France.<\/p>\n<p>Nous disposons \u00e9galement d&#8217;un r\u00e9seau de partenaires de distribution d\u00fbment form\u00e9s, offrant leurs services au niveau local.[\/vc_column_text][\/vc_column][\/vc_row]\n","protected":false},"excerpt":{"rendered":"<p>[vc_row][vc_column][vc_gallery interval=&#8221;3&#8243; images=&#8221;6527&#8243; img_size=&#8221;full&#8221;][\/vc_column][\/vc_row][vc_row][vc_column][vc_column_text] Pr\u00e9sentation de l&#8217;entreprise [\/vc_column_text][\/vc_column][\/vc_row][vc_row][vc_column width=&#8221;1\/2&#8243;][vc_column_text]La gamme Boilermag est con\u00e7ue et fabriqu\u00e9e par le groupe Spear And Jackson, pionnier dans le domaine des outils portatifs, des instruments de mesure et des syst\u00e8mes de filtration magn\u00e9tique Le groupe Spear and Jackson poss\u00e8de des centres de fabrication et de&#8230; <\/p>\n<p><a class=\"readmore\" href=\"https:\/\/www.boilermag.com\/fr\/a-propos-de\/presentation-de-lentreprise\/\">Read More<\/a><\/p>\n","protected":false},"author":1,"featured_media":0,"parent":3292,"menu_order":0,"comment_status":"closed","ping_status":"closed","template":"","meta":{"footnotes":""},"class_list":["post-3227","page","type-page","status-publish","hentry"],"yoast_head":"<!-- This site is optimized with the Yoast SEO plugin v27.1 - https:\/\/yoast.com\/product\/yoast-seo-wordpress\/ -->\n<title>Pr\u00e9sentation de l&#039;entreprise - BoilerMag<\/title>\n<meta name=\"description\" content=\"The Boilermag range is designed and manufactured by Eclipse Magnetics \u2013 the world leader in magnetic filtration systems.\" \/>\n<meta name=\"robots\" content=\"index, follow, max-snippet:-1, max-image-preview:large, max-video-preview:-1\" \/>\n<link rel=\"canonical\" href=\"https:\/\/www.boilermag.com\/fr\/a-propos-de\/presentation-de-lentreprise\/\" \/>\n<meta property=\"og:locale\" content=\"en_US\" \/>\n<meta property=\"og:type\" content=\"article\" \/>\n<meta property=\"og:title\" content=\"Pr\u00e9sentation de l&#039;entreprise - BoilerMag\" \/>\n<meta property=\"og:description\" content=\"The Boilermag range is designed and manufactured by Eclipse Magnetics \u2013 the world leader in magnetic filtration systems.\" \/>\n<meta property=\"og:url\" content=\"https:\/\/www.boilermag.com\/fr\/a-propos-de\/presentation-de-lentreprise\/\" \/>\n<meta property=\"og:site_name\" content=\"BoilerMag\" \/>\n<meta property=\"article:modified_time\" content=\"2019-12-17T16:55:50+00:00\" \/>\n<meta name=\"twitter:label1\" content=\"Est. reading time\" \/>\n\t<meta name=\"twitter:data1\" content=\"2 minutes\" \/>\n<script type=\"application\/ld+json\" class=\"yoast-schema-graph\">{\"@context\":\"https:\/\/schema.org\",\"@graph\":[{\"@type\":\"WebPage\",\"@id\":\"https:\/\/www.boilermag.com\/fr\/a-propos-de\/presentation-de-lentreprise\/\",\"url\":\"https:\/\/www.boilermag.com\/fr\/a-propos-de\/presentation-de-lentreprise\/\",\"name\":\"Pr\u00e9sentation de l'entreprise - BoilerMag\",\"isPartOf\":{\"@id\":\"https:\/\/www.boilermag.com\/fr\/#website\"},\"datePublished\":\"2014-09-17T12:48:38+00:00\",\"dateModified\":\"2019-12-17T16:55:50+00:00\",\"description\":\"The Boilermag range is designed and manufactured by Eclipse Magnetics \u2013 the world leader in magnetic filtration systems.\",\"breadcrumb\":{\"@id\":\"https:\/\/www.boilermag.com\/fr\/a-propos-de\/presentation-de-lentreprise\/#breadcrumb\"},\"inLanguage\":\"en-US\",\"potentialAction\":[{\"@type\":\"ReadAction\",\"target\":[\"https:\/\/www.boilermag.com\/fr\/a-propos-de\/presentation-de-lentreprise\/\"]}]},{\"@type\":\"BreadcrumbList\",\"@id\":\"https:\/\/www.boilermag.com\/fr\/a-propos-de\/presentation-de-lentreprise\/#breadcrumb\",\"itemListElement\":[{\"@type\":\"ListItem\",\"position\":1,\"name\":\"Home\",\"item\":\"https:\/\/www.boilermag.com\/fr\/\"},{\"@type\":\"ListItem\",\"position\":2,\"name\":\"\u00c0 propos de\",\"item\":\"https:\/\/www.boilermag.com\/fr\/a-propos-de\/\"},{\"@type\":\"ListItem\",\"position\":3,\"name\":\"Pr\u00e9sentation de l&#8217;entreprise\"}]},{\"@type\":\"WebSite\",\"@id\":\"https:\/\/www.boilermag.com\/fr\/#website\",\"url\":\"https:\/\/www.boilermag.com\/fr\/\",\"name\":\"BoilerMag\",\"description\":\"High Quality Magnetic Heating System Filters\",\"potentialAction\":[{\"@type\":\"SearchAction\",\"target\":{\"@type\":\"EntryPoint\",\"urlTemplate\":\"https:\/\/www.boilermag.com\/fr\/?s={search_term_string}\"},\"query-input\":{\"@type\":\"PropertyValueSpecification\",\"valueRequired\":true,\"valueName\":\"search_term_string\"}}],\"inLanguage\":\"en-US\"}]}<\/script>\n<!-- \/ Yoast SEO plugin. -->","yoast_head_json":{"title":"Pr\u00e9sentation de l'entreprise - BoilerMag","description":"The Boilermag range is designed and manufactured by Eclipse Magnetics \u2013 the world leader in magnetic filtration systems.","robots":{"index":"index","follow":"follow","max-snippet":"max-snippet:-1","max-image-preview":"max-image-preview:large","max-video-preview":"max-video-preview:-1"},"canonical":"https:\/\/www.boilermag.com\/fr\/a-propos-de\/presentation-de-lentreprise\/","og_locale":"en_US","og_type":"article","og_title":"Pr\u00e9sentation de l'entreprise - BoilerMag","og_description":"The Boilermag range is designed and manufactured by Eclipse Magnetics \u2013 the world leader in magnetic filtration systems.","og_url":"https:\/\/www.boilermag.com\/fr\/a-propos-de\/presentation-de-lentreprise\/","og_site_name":"BoilerMag","article_modified_time":"2019-12-17T16:55:50+00:00","twitter_misc":{"Est. reading time":"2 minutes"},"schema":{"@context":"https:\/\/schema.org","@graph":[{"@type":"WebPage","@id":"https:\/\/www.boilermag.com\/fr\/a-propos-de\/presentation-de-lentreprise\/","url":"https:\/\/www.boilermag.com\/fr\/a-propos-de\/presentation-de-lentreprise\/","name":"Pr\u00e9sentation de l'entreprise - BoilerMag","isPartOf":{"@id":"https:\/\/www.boilermag.com\/fr\/#website"},"datePublished":"2014-09-17T12:48:38+00:00","dateModified":"2019-12-17T16:55:50+00:00","description":"The Boilermag range is designed and manufactured by Eclipse Magnetics \u2013 the world leader in magnetic filtration systems.","breadcrumb":{"@id":"https:\/\/www.boilermag.com\/fr\/a-propos-de\/presentation-de-lentreprise\/#breadcrumb"},"inLanguage":"en-US","potentialAction":[{"@type":"ReadAction","target":["https:\/\/www.boilermag.com\/fr\/a-propos-de\/presentation-de-lentreprise\/"]}]},{"@type":"BreadcrumbList","@id":"https:\/\/www.boilermag.com\/fr\/a-propos-de\/presentation-de-lentreprise\/#breadcrumb","itemListElement":[{"@type":"ListItem","position":1,"name":"Home","item":"https:\/\/www.boilermag.com\/fr\/"},{"@type":"ListItem","position":2,"name":"\u00c0 propos de","item":"https:\/\/www.boilermag.com\/fr\/a-propos-de\/"},{"@type":"ListItem","position":3,"name":"Pr\u00e9sentation de l&#8217;entreprise"}]},{"@type":"WebSite","@id":"https:\/\/www.boilermag.com\/fr\/#website","url":"https:\/\/www.boilermag.com\/fr\/","name":"BoilerMag","description":"High Quality Magnetic Heating System Filters","potentialAction":[{"@type":"SearchAction","target":{"@type":"EntryPoint","urlTemplate":"https:\/\/www.boilermag.com\/fr\/?s={search_term_string}"},"query-input":{"@type":"PropertyValueSpecification","valueRequired":true,"valueName":"search_term_string"}}],"inLanguage":"en-US"}]}},"_links":{"self":[{"href":"https:\/\/www.boilermag.com\/fr\/wp-json\/wp\/v2\/pages\/3227","targetHints":{"allow":["GET"]}}],"collection":[{"href":"https:\/\/www.boilermag.com\/fr\/wp-json\/wp\/v2\/pages"}],"about":[{"href":"https:\/\/www.boilermag.com\/fr\/wp-json\/wp\/v2\/types\/page"}],"author":[{"embeddable":true,"href":"https:\/\/www.boilermag.com\/fr\/wp-json\/wp\/v2\/users\/1"}],"replies":[{"embeddable":true,"href":"https:\/\/www.boilermag.com\/fr\/wp-json\/wp\/v2\/comments?post=3227"}],"version-history":[{"count":5,"href":"https:\/\/www.boilermag.com\/fr\/wp-json\/wp\/v2\/pages\/3227\/revisions"}],"predecessor-version":[{"id":7038,"href":"https:\/\/www.boilermag.com\/fr\/wp-json\/wp\/v2\/pages\/3227\/revisions\/7038"}],"up":[{"embeddable":true,"href":"https:\/\/www.boilermag.com\/fr\/wp-json\/wp\/v2\/pages\/3292"}],"wp:attachment":[{"href":"https:\/\/www.boilermag.com\/fr\/wp-json\/wp\/v2\/media?parent=3227"}],"curies":[{"name":"wp","href":"https:\/\/api.w.org\/{rel}","templated":true}]}}