{"id":3408,"date":"2014-10-13T07:40:47","date_gmt":"2014-10-13T07:40:47","guid":{"rendered":"http:\/\/boilermag.com.gridhosted.co.uk\/?page_id=3408"},"modified":"2019-12-17T18:02:36","modified_gmt":"2019-12-17T17:02:36","slug":"ressources-internes","status":"publish","type":"page","link":"https:\/\/www.boilermag.com\/fr\/a-propos-de\/ressources-internes\/","title":{"rendered":"Ressources internes"},"content":{"rendered":"[vc_row][vc_column][vc_gallery interval=&#8221;3&#8243; images=&#8221;3989&#8243; img_size=&#8221;full&#8221;][\/vc_column][\/vc_row][vc_row][vc_column][vc_column_text]\n<h2><strong>Ressources internes<\/strong><\/h2>\n[\/vc_column_text][\/vc_column][\/vc_row][vc_row][vc_column width=&#8221;1\/2&#8243;][vc_column_text]Avec nos ressources internes compl\u00e8tes, nous nous plaisons \u00e0 penser que nous sommes plus qu&#8217;un simple fournisseur&#8230;<\/p>\n<p>En contr\u00f4lant notre production interne, la conception, les essais de nos produits et notre stock de produits finis, nous concevons des produits de qualit\u00e9 sup\u00e9rieure, r\u00e9pondant aux attentes des clients en termes de prix et d&#8217;entretien.<\/p>\n<p>Nos services internalis\u00e9s suivants nous procurent un avantage ind\u00e9niable sur la concurrence\u00a0:[\/vc_column_text][\/vc_column][vc_column width=&#8221;1\/2&#8243;][vc_column_text]\n<ul>\n<li>Conception de produit en interne (avec CAO 3D et analyse FEA)<\/li>\n<li>\u00c9quipe d\u00e9di\u00e9e, compos\u00e9e d&#8217;ing\u00e9nieurs veillant \u00e0 ce que nos produits soient toujours les meilleurs<\/li>\n<li>Prototypage et essais in situ approfondis<\/li>\n<li>Production en interne et op\u00e9rations de finition (conformit\u00e9 ISO 9001)<\/li>\n<li>\u00c9quipes de support client d\u00e9di\u00e9es<\/li>\n<li>Centre de distribution en Grande-Bretagne pour des livraisons le jour ouvr\u00e9 suivant<\/li>\n<li>Support marketing national<\/li>\n<\/ul>\n[\/vc_column_text][\/vc_column][\/vc_row]\n","protected":false},"excerpt":{"rendered":"<p>[vc_row][vc_column][vc_gallery interval=&#8221;3&#8243; images=&#8221;3989&#8243; img_size=&#8221;full&#8221;][\/vc_column][\/vc_row][vc_row][vc_column][vc_column_text] Ressources internes [\/vc_column_text][\/vc_column][\/vc_row][vc_row][vc_column width=&#8221;1\/2&#8243;][vc_column_text]Avec nos ressources internes compl\u00e8tes, nous nous plaisons \u00e0 penser que nous sommes plus qu&#8217;un simple fournisseur&#8230; En contr\u00f4lant notre production interne, la conception, les essais de nos produits et notre stock de produits finis, nous concevons des produits de qualit\u00e9 sup\u00e9rieure, r\u00e9pondant&#8230; <\/p>\n<p><a class=\"readmore\" href=\"https:\/\/www.boilermag.com\/fr\/a-propos-de\/ressources-internes\/\">Read More<\/a><\/p>\n","protected":false},"author":1,"featured_media":0,"parent":3292,"menu_order":0,"comment_status":"closed","ping_status":"closed","template":"","meta":{"footnotes":""},"class_list":["post-3408","page","type-page","status-publish","hentry"],"yoast_head":"<!-- This site is optimized with the Yoast SEO plugin v27.1 - https:\/\/yoast.com\/product\/yoast-seo-wordpress\/ -->\n<title>Ressources internes - BoilerMag<\/title>\n<meta name=\"description\" content=\"With our wealth of in-house resources, we like to think we are more than just a supplier\u2026\" \/>\n<meta name=\"robots\" content=\"index, follow, max-snippet:-1, max-image-preview:large, max-video-preview:-1\" \/>\n<link rel=\"canonical\" href=\"https:\/\/www.boilermag.com\/fr\/a-propos-de\/ressources-internes\/\" \/>\n<meta property=\"og:locale\" content=\"en_US\" \/>\n<meta property=\"og:type\" content=\"article\" \/>\n<meta property=\"og:title\" content=\"Ressources internes - BoilerMag\" \/>\n<meta property=\"og:description\" content=\"With our wealth of in-house resources, we like to think we are more than just a supplier\u2026\" \/>\n<meta property=\"og:url\" content=\"https:\/\/www.boilermag.com\/fr\/a-propos-de\/ressources-internes\/\" \/>\n<meta property=\"og:site_name\" content=\"BoilerMag\" \/>\n<meta property=\"article:modified_time\" content=\"2019-12-17T17:02:36+00:00\" \/>\n<meta name=\"twitter:label1\" content=\"Est. reading time\" \/>\n\t<meta name=\"twitter:data1\" content=\"1 minute\" \/>\n<script type=\"application\/ld+json\" class=\"yoast-schema-graph\">{\"@context\":\"https:\/\/schema.org\",\"@graph\":[{\"@type\":\"WebPage\",\"@id\":\"https:\/\/www.boilermag.com\/fr\/a-propos-de\/ressources-internes\/\",\"url\":\"https:\/\/www.boilermag.com\/fr\/a-propos-de\/ressources-internes\/\",\"name\":\"Ressources internes - BoilerMag\",\"isPartOf\":{\"@id\":\"https:\/\/www.boilermag.com\/fr\/#website\"},\"datePublished\":\"2014-10-13T07:40:47+00:00\",\"dateModified\":\"2019-12-17T17:02:36+00:00\",\"description\":\"With our wealth of in-house resources, we like to think we are more than just a supplier\u2026\",\"breadcrumb\":{\"@id\":\"https:\/\/www.boilermag.com\/fr\/a-propos-de\/ressources-internes\/#breadcrumb\"},\"inLanguage\":\"en-US\",\"potentialAction\":[{\"@type\":\"ReadAction\",\"target\":[\"https:\/\/www.boilermag.com\/fr\/a-propos-de\/ressources-internes\/\"]}]},{\"@type\":\"BreadcrumbList\",\"@id\":\"https:\/\/www.boilermag.com\/fr\/a-propos-de\/ressources-internes\/#breadcrumb\",\"itemListElement\":[{\"@type\":\"ListItem\",\"position\":1,\"name\":\"Home\",\"item\":\"https:\/\/www.boilermag.com\/fr\/\"},{\"@type\":\"ListItem\",\"position\":2,\"name\":\"\u00c0 propos de\",\"item\":\"https:\/\/www.boilermag.com\/fr\/a-propos-de\/\"},{\"@type\":\"ListItem\",\"position\":3,\"name\":\"Ressources internes\"}]},{\"@type\":\"WebSite\",\"@id\":\"https:\/\/www.boilermag.com\/fr\/#website\",\"url\":\"https:\/\/www.boilermag.com\/fr\/\",\"name\":\"BoilerMag\",\"description\":\"High Quality Magnetic Heating System Filters\",\"potentialAction\":[{\"@type\":\"SearchAction\",\"target\":{\"@type\":\"EntryPoint\",\"urlTemplate\":\"https:\/\/www.boilermag.com\/fr\/?s={search_term_string}\"},\"query-input\":{\"@type\":\"PropertyValueSpecification\",\"valueRequired\":true,\"valueName\":\"search_term_string\"}}],\"inLanguage\":\"en-US\"}]}<\/script>\n<!-- \/ Yoast SEO plugin. -->","yoast_head_json":{"title":"Ressources internes - BoilerMag","description":"With our wealth of in-house resources, we like to think we are more than just a supplier\u2026","robots":{"index":"index","follow":"follow","max-snippet":"max-snippet:-1","max-image-preview":"max-image-preview:large","max-video-preview":"max-video-preview:-1"},"canonical":"https:\/\/www.boilermag.com\/fr\/a-propos-de\/ressources-internes\/","og_locale":"en_US","og_type":"article","og_title":"Ressources internes - BoilerMag","og_description":"With our wealth of in-house resources, we like to think we are more than just a supplier\u2026","og_url":"https:\/\/www.boilermag.com\/fr\/a-propos-de\/ressources-internes\/","og_site_name":"BoilerMag","article_modified_time":"2019-12-17T17:02:36+00:00","twitter_misc":{"Est. reading time":"1 minute"},"schema":{"@context":"https:\/\/schema.org","@graph":[{"@type":"WebPage","@id":"https:\/\/www.boilermag.com\/fr\/a-propos-de\/ressources-internes\/","url":"https:\/\/www.boilermag.com\/fr\/a-propos-de\/ressources-internes\/","name":"Ressources internes - BoilerMag","isPartOf":{"@id":"https:\/\/www.boilermag.com\/fr\/#website"},"datePublished":"2014-10-13T07:40:47+00:00","dateModified":"2019-12-17T17:02:36+00:00","description":"With our wealth of in-house resources, we like to think we are more than just a supplier\u2026","breadcrumb":{"@id":"https:\/\/www.boilermag.com\/fr\/a-propos-de\/ressources-internes\/#breadcrumb"},"inLanguage":"en-US","potentialAction":[{"@type":"ReadAction","target":["https:\/\/www.boilermag.com\/fr\/a-propos-de\/ressources-internes\/"]}]},{"@type":"BreadcrumbList","@id":"https:\/\/www.boilermag.com\/fr\/a-propos-de\/ressources-internes\/#breadcrumb","itemListElement":[{"@type":"ListItem","position":1,"name":"Home","item":"https:\/\/www.boilermag.com\/fr\/"},{"@type":"ListItem","position":2,"name":"\u00c0 propos de","item":"https:\/\/www.boilermag.com\/fr\/a-propos-de\/"},{"@type":"ListItem","position":3,"name":"Ressources internes"}]},{"@type":"WebSite","@id":"https:\/\/www.boilermag.com\/fr\/#website","url":"https:\/\/www.boilermag.com\/fr\/","name":"BoilerMag","description":"High Quality Magnetic Heating System Filters","potentialAction":[{"@type":"SearchAction","target":{"@type":"EntryPoint","urlTemplate":"https:\/\/www.boilermag.com\/fr\/?s={search_term_string}"},"query-input":{"@type":"PropertyValueSpecification","valueRequired":true,"valueName":"search_term_string"}}],"inLanguage":"en-US"}]}},"_links":{"self":[{"href":"https:\/\/www.boilermag.com\/fr\/wp-json\/wp\/v2\/pages\/3408","targetHints":{"allow":["GET"]}}],"collection":[{"href":"https:\/\/www.boilermag.com\/fr\/wp-json\/wp\/v2\/pages"}],"about":[{"href":"https:\/\/www.boilermag.com\/fr\/wp-json\/wp\/v2\/types\/page"}],"author":[{"embeddable":true,"href":"https:\/\/www.boilermag.com\/fr\/wp-json\/wp\/v2\/users\/1"}],"replies":[{"embeddable":true,"href":"https:\/\/www.boilermag.com\/fr\/wp-json\/wp\/v2\/comments?post=3408"}],"version-history":[{"count":3,"href":"https:\/\/www.boilermag.com\/fr\/wp-json\/wp\/v2\/pages\/3408\/revisions"}],"predecessor-version":[{"id":7040,"href":"https:\/\/www.boilermag.com\/fr\/wp-json\/wp\/v2\/pages\/3408\/revisions\/7040"}],"up":[{"embeddable":true,"href":"https:\/\/www.boilermag.com\/fr\/wp-json\/wp\/v2\/pages\/3292"}],"wp:attachment":[{"href":"https:\/\/www.boilermag.com\/fr\/wp-json\/wp\/v2\/media?parent=3408"}],"curies":[{"name":"wp","href":"https:\/\/api.w.org\/{rel}","templated":true}]}}