{"id":3414,"date":"2014-10-13T07:42:35","date_gmt":"2014-10-13T07:42:35","guid":{"rendered":"http:\/\/boilermag.com.gridhosted.co.uk\/?page_id=3414"},"modified":"2019-12-17T18:06:53","modified_gmt":"2019-12-17T17:06:53","slug":"lensemble-boilermag","status":"publish","type":"page","link":"https:\/\/www.boilermag.com\/fr\/a-propos-de\/lensemble-boilermag\/","title":{"rendered":"L&#8217;ensemble BoilerMag"},"content":{"rendered":"[vc_row][vc_column][vc_gallery interval=&#8221;3&#8243; images=&#8221;6504&#8243; img_size=&#8221;full&#8221;][\/vc_column][\/vc_row][vc_row][vc_column][vc_column_text]\n<h2><strong>L&#8217;ensemble BoilerMag<\/strong><\/h2>\n[\/vc_column_text][\/vc_column][\/vc_row][vc_row][vc_column width=&#8221;1\/2&#8243;]<div class=\"sub-content\"><h6 class=\"h-sub-content\">En faveur de notre marque<\/h6><\/div>[vc_column_text]Avec Boilermag, vous n&#8217;achetez pas qu&#8217;un produit, vous recevez une assistance compl\u00e8te ainsi que tous les avantages d&#8217;une collaboration avec une grande organisation:<\/p>\n<p><strong>Le sens du commerce<\/strong> \u2013 Boilermag est un produit haut de gamme qui permet aux grossistes de b\u00e9n\u00e9ficier d&#8217;excellentes marges de profit, sans compter que nous pouvons offrir des promotions attractives pour aider nos clients.<\/p>\n<p><strong>Support marketing<\/strong> \u2013 nous fournissons tout le mat\u00e9riel pour le point de vente et les clients, de leur c\u00f4t\u00e9, peuvent profiter de notre couverture de presse nationale, de notre publicit\u00e9 et de nos activit\u00e9s aux salons du secteur.[\/vc_column_text][\/vc_column][vc_column width=&#8221;1\/2&#8243;]<div class=\"sub-content\"><h6 class=\"h-sub-content\">En faveur de nos clients<\/h6><\/div>[vc_column_text]<strong>Assistance technique et commerciale<\/strong> \u2013 notre personnel offre une assistance technique ainsi que des \u00e9v\u00e9nements de promotion\/formation sur site.<\/p>\n<p><strong>Service client\u00e8le haut de gamme<\/strong> \u2013 notre \u00e9quipe d\u00e9di\u00e9e est \u00e0 votre disposition pour prendre vos commandes.<\/p>\n<p><strong>Livraison imm\u00e9diate<\/strong> \u2013 les produits peuvent vous \u00eatre livr\u00e9s en moins de 24\u00a0heures.[\/vc_column_text][\/vc_column][\/vc_row]\n","protected":false},"excerpt":{"rendered":"<p>[vc_row][vc_column][vc_gallery interval=&#8221;3&#8243; images=&#8221;6504&#8243; img_size=&#8221;full&#8221;][\/vc_column][\/vc_row][vc_row][vc_column][vc_column_text] L&#8217;ensemble BoilerMag [\/vc_column_text][\/vc_column][\/vc_row][vc_row][vc_column width=&#8221;1\/2&#8243;][vc_column_text]Avec Boilermag, vous n&#8217;achetez pas qu&#8217;un produit, vous recevez une assistance compl\u00e8te ainsi que tous les avantages d&#8217;une collaboration avec une grande organisation: Le sens du commerce \u2013 Boilermag est un produit haut de gamme qui permet aux grossistes de b\u00e9n\u00e9ficier d&#8217;excellentes marges&#8230; <\/p>\n<p><a class=\"readmore\" href=\"https:\/\/www.boilermag.com\/fr\/a-propos-de\/lensemble-boilermag\/\">Read More<\/a><\/p>\n","protected":false},"author":1,"featured_media":0,"parent":3292,"menu_order":0,"comment_status":"closed","ping_status":"closed","template":"","meta":{"footnotes":""},"class_list":["post-3414","page","type-page","status-publish","hentry"],"yoast_head":"<!-- This site is optimized with the Yoast SEO plugin v27.1 - https:\/\/yoast.com\/product\/yoast-seo-wordpress\/ -->\n<title>L&#039;ensemble BoilerMag - BoilerMag<\/title>\n<meta name=\"description\" content=\"With Boilermag you don\u2019t just buy a product you get a full support package and the benefits of dealing with a large organisation\" \/>\n<meta name=\"robots\" content=\"index, follow, max-snippet:-1, max-image-preview:large, max-video-preview:-1\" \/>\n<link rel=\"canonical\" href=\"https:\/\/www.boilermag.com\/fr\/a-propos-de\/lensemble-boilermag\/\" \/>\n<meta property=\"og:locale\" content=\"en_US\" \/>\n<meta property=\"og:type\" content=\"article\" \/>\n<meta property=\"og:title\" content=\"L&#039;ensemble BoilerMag - BoilerMag\" \/>\n<meta property=\"og:description\" content=\"With Boilermag you don\u2019t just buy a product you get a full support package and the benefits of dealing with a large organisation\" \/>\n<meta property=\"og:url\" content=\"https:\/\/www.boilermag.com\/fr\/a-propos-de\/lensemble-boilermag\/\" \/>\n<meta property=\"og:site_name\" content=\"BoilerMag\" \/>\n<meta property=\"article:modified_time\" content=\"2019-12-17T17:06:53+00:00\" \/>\n<meta name=\"twitter:label1\" content=\"Est. reading time\" \/>\n\t<meta name=\"twitter:data1\" content=\"1 minute\" \/>\n<script type=\"application\/ld+json\" class=\"yoast-schema-graph\">{\"@context\":\"https:\/\/schema.org\",\"@graph\":[{\"@type\":\"WebPage\",\"@id\":\"https:\/\/www.boilermag.com\/fr\/a-propos-de\/lensemble-boilermag\/\",\"url\":\"https:\/\/www.boilermag.com\/fr\/a-propos-de\/lensemble-boilermag\/\",\"name\":\"L'ensemble BoilerMag - BoilerMag\",\"isPartOf\":{\"@id\":\"https:\/\/www.boilermag.com\/fr\/#website\"},\"datePublished\":\"2014-10-13T07:42:35+00:00\",\"dateModified\":\"2019-12-17T17:06:53+00:00\",\"description\":\"With Boilermag you don\u2019t just buy a product you get a full support package and the benefits of dealing with a large organisation\",\"breadcrumb\":{\"@id\":\"https:\/\/www.boilermag.com\/fr\/a-propos-de\/lensemble-boilermag\/#breadcrumb\"},\"inLanguage\":\"en-US\",\"potentialAction\":[{\"@type\":\"ReadAction\",\"target\":[\"https:\/\/www.boilermag.com\/fr\/a-propos-de\/lensemble-boilermag\/\"]}]},{\"@type\":\"BreadcrumbList\",\"@id\":\"https:\/\/www.boilermag.com\/fr\/a-propos-de\/lensemble-boilermag\/#breadcrumb\",\"itemListElement\":[{\"@type\":\"ListItem\",\"position\":1,\"name\":\"Home\",\"item\":\"https:\/\/www.boilermag.com\/fr\/\"},{\"@type\":\"ListItem\",\"position\":2,\"name\":\"\u00c0 propos de\",\"item\":\"https:\/\/www.boilermag.com\/fr\/a-propos-de\/\"},{\"@type\":\"ListItem\",\"position\":3,\"name\":\"L&#8217;ensemble BoilerMag\"}]},{\"@type\":\"WebSite\",\"@id\":\"https:\/\/www.boilermag.com\/fr\/#website\",\"url\":\"https:\/\/www.boilermag.com\/fr\/\",\"name\":\"BoilerMag\",\"description\":\"High Quality Magnetic Heating System Filters\",\"potentialAction\":[{\"@type\":\"SearchAction\",\"target\":{\"@type\":\"EntryPoint\",\"urlTemplate\":\"https:\/\/www.boilermag.com\/fr\/?s={search_term_string}\"},\"query-input\":{\"@type\":\"PropertyValueSpecification\",\"valueRequired\":true,\"valueName\":\"search_term_string\"}}],\"inLanguage\":\"en-US\"}]}<\/script>\n<!-- \/ Yoast SEO plugin. -->","yoast_head_json":{"title":"L'ensemble BoilerMag - BoilerMag","description":"With Boilermag you don\u2019t just buy a product you get a full support package and the benefits of dealing with a large organisation","robots":{"index":"index","follow":"follow","max-snippet":"max-snippet:-1","max-image-preview":"max-image-preview:large","max-video-preview":"max-video-preview:-1"},"canonical":"https:\/\/www.boilermag.com\/fr\/a-propos-de\/lensemble-boilermag\/","og_locale":"en_US","og_type":"article","og_title":"L'ensemble BoilerMag - BoilerMag","og_description":"With Boilermag you don\u2019t just buy a product you get a full support package and the benefits of dealing with a large organisation","og_url":"https:\/\/www.boilermag.com\/fr\/a-propos-de\/lensemble-boilermag\/","og_site_name":"BoilerMag","article_modified_time":"2019-12-17T17:06:53+00:00","twitter_misc":{"Est. reading time":"1 minute"},"schema":{"@context":"https:\/\/schema.org","@graph":[{"@type":"WebPage","@id":"https:\/\/www.boilermag.com\/fr\/a-propos-de\/lensemble-boilermag\/","url":"https:\/\/www.boilermag.com\/fr\/a-propos-de\/lensemble-boilermag\/","name":"L'ensemble BoilerMag - BoilerMag","isPartOf":{"@id":"https:\/\/www.boilermag.com\/fr\/#website"},"datePublished":"2014-10-13T07:42:35+00:00","dateModified":"2019-12-17T17:06:53+00:00","description":"With Boilermag you don\u2019t just buy a product you get a full support package and the benefits of dealing with a large organisation","breadcrumb":{"@id":"https:\/\/www.boilermag.com\/fr\/a-propos-de\/lensemble-boilermag\/#breadcrumb"},"inLanguage":"en-US","potentialAction":[{"@type":"ReadAction","target":["https:\/\/www.boilermag.com\/fr\/a-propos-de\/lensemble-boilermag\/"]}]},{"@type":"BreadcrumbList","@id":"https:\/\/www.boilermag.com\/fr\/a-propos-de\/lensemble-boilermag\/#breadcrumb","itemListElement":[{"@type":"ListItem","position":1,"name":"Home","item":"https:\/\/www.boilermag.com\/fr\/"},{"@type":"ListItem","position":2,"name":"\u00c0 propos de","item":"https:\/\/www.boilermag.com\/fr\/a-propos-de\/"},{"@type":"ListItem","position":3,"name":"L&#8217;ensemble BoilerMag"}]},{"@type":"WebSite","@id":"https:\/\/www.boilermag.com\/fr\/#website","url":"https:\/\/www.boilermag.com\/fr\/","name":"BoilerMag","description":"High Quality Magnetic Heating System Filters","potentialAction":[{"@type":"SearchAction","target":{"@type":"EntryPoint","urlTemplate":"https:\/\/www.boilermag.com\/fr\/?s={search_term_string}"},"query-input":{"@type":"PropertyValueSpecification","valueRequired":true,"valueName":"search_term_string"}}],"inLanguage":"en-US"}]}},"_links":{"self":[{"href":"https:\/\/www.boilermag.com\/fr\/wp-json\/wp\/v2\/pages\/3414","targetHints":{"allow":["GET"]}}],"collection":[{"href":"https:\/\/www.boilermag.com\/fr\/wp-json\/wp\/v2\/pages"}],"about":[{"href":"https:\/\/www.boilermag.com\/fr\/wp-json\/wp\/v2\/types\/page"}],"author":[{"embeddable":true,"href":"https:\/\/www.boilermag.com\/fr\/wp-json\/wp\/v2\/users\/1"}],"replies":[{"embeddable":true,"href":"https:\/\/www.boilermag.com\/fr\/wp-json\/wp\/v2\/comments?post=3414"}],"version-history":[{"count":4,"href":"https:\/\/www.boilermag.com\/fr\/wp-json\/wp\/v2\/pages\/3414\/revisions"}],"predecessor-version":[{"id":7042,"href":"https:\/\/www.boilermag.com\/fr\/wp-json\/wp\/v2\/pages\/3414\/revisions\/7042"}],"up":[{"embeddable":true,"href":"https:\/\/www.boilermag.com\/fr\/wp-json\/wp\/v2\/pages\/3292"}],"wp:attachment":[{"href":"https:\/\/www.boilermag.com\/fr\/wp-json\/wp\/v2\/media?parent=3414"}],"curies":[{"name":"wp","href":"https:\/\/api.w.org\/{rel}","templated":true}]}}