{"id":4083,"date":"2014-10-28T15:27:25","date_gmt":"2014-10-28T15:27:25","guid":{"rendered":"http:\/\/boilermag.com.gridhosted.co.uk\/?page_id=4083"},"modified":"2023-02-02T16:59:40","modified_gmt":"2023-02-02T15:59:40","slug":"antitartre-electrolytique","status":"publish","type":"page","link":"https:\/\/www.boilermag.com\/fr\/produits\/antitartre-electrolytique\/","title":{"rendered":"Antitartre \u00e9lectrolytique  (ESR)"},"content":{"rendered":"[vc_row][vc_column width=&#8221;2\/3&#8243;][vc_column_text]\n<h4>Protection haut de gamme contre le calcaire<\/h4>\n[\/vc_column_text]<div class=\"sub-content\"><h6 class=\"h-sub-content\">Boilermag ESR<\/h6><\/div>[vc_column_text]\n<ul>\n<li>Limite au maximum le d\u00e9p\u00f4t de tartre<\/li>\n<li>Rend le filtre plus efficace et prolonge sa dur\u00e9e de vie<\/li>\n<li>Conforme \u00e0 la Partie L*<\/li>\n<li>Facile \u00e0 installer<\/li>\n<li>Une fois pos\u00e9, aucun entretien n&#8217;est n\u00e9cessaire<\/li>\n<li>Pression d&#8217;utilisation de 10\u00a0bars<\/li>\n<li>Garantie de remplacement de 1\u00a0an<\/li>\n<li>Convient aux tuyaux de 15 et 22\u00a0mm<\/li>\n<\/ul>\n<p>*La Partie L des r\u00e9glementations du b\u00e2timent (01\/04\/14) exige que, lorsque la duret\u00e9 de l&#8217;eau de distribution d\u00e9passe 200\u00a0ppm, l&#8217;eau du circuit d&#8217;eau chaude soit trait\u00e9e afin de r\u00e9duire le taux de d\u00e9p\u00f4t de calcaire et, ainsi, permette le maintien de l&#8217;efficacit\u00e9 \u00e9nerg\u00e9tique. Comme indiqu\u00e9 dans le \u00ab\u00a0Domestic Services Compliance Guide\u00a0\u00bb (Guide de conformit\u00e9 des syst\u00e8mes r\u00e9sidentiels), un antitartre \u00e9lectrolytique constitue la m\u00e9thode de traitement la plus efficace.<\/p>\n<p>Pour une filtration hautes performances, voir le <a title=\"BoilerMag\" href=\"\/products\/domestic\/\">Boilermag Domestic<\/a>.<\/p>\n<p style=\"margin: 0in; font-family: Calibri; font-size: 11.0pt;\"><a href=\"https:\/\/www.boilermag.com\/fr\/contact\/\" class=\"button red  medium  \" target=\"_blank\">Obtenir un devis<\/a>\n[\/vc_column_text][\/vc_column][vc_column width=&#8221;1\/3&#8243;][vc_single_image image=&#8221;5511&#8243; img_size=&#8221;medium&#8221; alignment=&#8221;center&#8221;][vc_empty_space height=&#8221;15px&#8221;][vc_gallery interval=&#8221;3&#8243; images=&#8221;6479&#8243; img_size=&#8221;large&#8221;][\/vc_column][\/vc_row][vc_row][vc_column width=&#8221;1\/3&#8243;][\/vc_column][vc_column width=&#8221;1\/3&#8243;][\/vc_column][vc_column width=&#8221;1\/3&#8243;][\/vc_column][\/vc_row]\n","protected":false},"excerpt":{"rendered":"<p>[vc_row][vc_column width=&#8221;2\/3&#8243;][vc_column_text] Protection haut de gamme contre le calcaire [\/vc_column_text][vc_column_text] Limite au maximum le d\u00e9p\u00f4t de tartre Rend le filtre plus efficace et prolonge sa dur\u00e9e de vie Conforme \u00e0 la Partie L* Facile \u00e0 installer Une fois pos\u00e9, aucun entretien n&#8217;est n\u00e9cessaire Pression d&#8217;utilisation de 10\u00a0bars Garantie de remplacement&#8230; <\/p>\n<p><a class=\"readmore\" href=\"https:\/\/www.boilermag.com\/fr\/produits\/antitartre-electrolytique\/\">Read More<\/a><\/p>\n","protected":false},"author":1,"featured_media":0,"parent":2,"menu_order":0,"comment_status":"closed","ping_status":"closed","template":"","meta":{"footnotes":""},"class_list":["post-4083","page","type-page","status-publish","hentry"],"yoast_head":"<!-- This site is optimized with the Yoast SEO plugin v27.1 - https:\/\/yoast.com\/product\/yoast-seo-wordpress\/ -->\n<title>Antitartre \u00e9lectrolytique (ESR) - BoilerMag<\/title>\n<meta name=\"description\" content=\"Part L of the Building Regulations states, where mains water hardness exceeds 200ppm the circuit must be treated to reduce the rate of scale deposition\" \/>\n<meta name=\"robots\" content=\"index, follow, max-snippet:-1, max-image-preview:large, max-video-preview:-1\" \/>\n<link rel=\"canonical\" href=\"https:\/\/www.boilermag.com\/fr\/produits\/antitartre-electrolytique\/\" \/>\n<meta property=\"og:locale\" content=\"en_US\" \/>\n<meta property=\"og:type\" content=\"article\" \/>\n<meta property=\"og:title\" content=\"Antitartre \u00e9lectrolytique (ESR) - BoilerMag\" \/>\n<meta property=\"og:description\" content=\"Part L of the Building Regulations states, where mains water hardness exceeds 200ppm the circuit must be treated to reduce the rate of scale deposition\" \/>\n<meta property=\"og:url\" content=\"https:\/\/www.boilermag.com\/fr\/produits\/antitartre-electrolytique\/\" \/>\n<meta property=\"og:site_name\" content=\"BoilerMag\" \/>\n<meta property=\"article:modified_time\" content=\"2023-02-02T15:59:40+00:00\" \/>\n<meta name=\"twitter:label1\" content=\"Est. reading time\" \/>\n\t<meta name=\"twitter:data1\" content=\"1 minute\" \/>\n<script type=\"application\/ld+json\" class=\"yoast-schema-graph\">{\"@context\":\"https:\/\/schema.org\",\"@graph\":[{\"@type\":\"WebPage\",\"@id\":\"https:\/\/www.boilermag.com\/fr\/produits\/antitartre-electrolytique\/\",\"url\":\"https:\/\/www.boilermag.com\/fr\/produits\/antitartre-electrolytique\/\",\"name\":\"Antitartre \u00e9lectrolytique (ESR) - BoilerMag\",\"isPartOf\":{\"@id\":\"https:\/\/www.boilermag.com\/fr\/#website\"},\"datePublished\":\"2014-10-28T15:27:25+00:00\",\"dateModified\":\"2023-02-02T15:59:40+00:00\",\"description\":\"Part L of the Building Regulations states, where mains water hardness exceeds 200ppm the circuit must be treated to reduce the rate of scale deposition\",\"breadcrumb\":{\"@id\":\"https:\/\/www.boilermag.com\/fr\/produits\/antitartre-electrolytique\/#breadcrumb\"},\"inLanguage\":\"en-US\",\"potentialAction\":[{\"@type\":\"ReadAction\",\"target\":[\"https:\/\/www.boilermag.com\/fr\/produits\/antitartre-electrolytique\/\"]}]},{\"@type\":\"BreadcrumbList\",\"@id\":\"https:\/\/www.boilermag.com\/fr\/produits\/antitartre-electrolytique\/#breadcrumb\",\"itemListElement\":[{\"@type\":\"ListItem\",\"position\":1,\"name\":\"Home\",\"item\":\"https:\/\/www.boilermag.com\/fr\/\"},{\"@type\":\"ListItem\",\"position\":2,\"name\":\"Produits\",\"item\":\"https:\/\/www.boilermag.com\/fr\/produits\/\"},{\"@type\":\"ListItem\",\"position\":3,\"name\":\"Antitartre \u00e9lectrolytique (ESR)\"}]},{\"@type\":\"WebSite\",\"@id\":\"https:\/\/www.boilermag.com\/fr\/#website\",\"url\":\"https:\/\/www.boilermag.com\/fr\/\",\"name\":\"BoilerMag\",\"description\":\"High Quality Magnetic Heating System Filters\",\"potentialAction\":[{\"@type\":\"SearchAction\",\"target\":{\"@type\":\"EntryPoint\",\"urlTemplate\":\"https:\/\/www.boilermag.com\/fr\/?s={search_term_string}\"},\"query-input\":{\"@type\":\"PropertyValueSpecification\",\"valueRequired\":true,\"valueName\":\"search_term_string\"}}],\"inLanguage\":\"en-US\"}]}<\/script>\n<!-- \/ Yoast SEO plugin. -->","yoast_head_json":{"title":"Antitartre \u00e9lectrolytique (ESR) - BoilerMag","description":"Part L of the Building Regulations states, where mains water hardness exceeds 200ppm the circuit must be treated to reduce the rate of scale deposition","robots":{"index":"index","follow":"follow","max-snippet":"max-snippet:-1","max-image-preview":"max-image-preview:large","max-video-preview":"max-video-preview:-1"},"canonical":"https:\/\/www.boilermag.com\/fr\/produits\/antitartre-electrolytique\/","og_locale":"en_US","og_type":"article","og_title":"Antitartre \u00e9lectrolytique (ESR) - BoilerMag","og_description":"Part L of the Building Regulations states, where mains water hardness exceeds 200ppm the circuit must be treated to reduce the rate of scale deposition","og_url":"https:\/\/www.boilermag.com\/fr\/produits\/antitartre-electrolytique\/","og_site_name":"BoilerMag","article_modified_time":"2023-02-02T15:59:40+00:00","twitter_misc":{"Est. reading time":"1 minute"},"schema":{"@context":"https:\/\/schema.org","@graph":[{"@type":"WebPage","@id":"https:\/\/www.boilermag.com\/fr\/produits\/antitartre-electrolytique\/","url":"https:\/\/www.boilermag.com\/fr\/produits\/antitartre-electrolytique\/","name":"Antitartre \u00e9lectrolytique (ESR) - BoilerMag","isPartOf":{"@id":"https:\/\/www.boilermag.com\/fr\/#website"},"datePublished":"2014-10-28T15:27:25+00:00","dateModified":"2023-02-02T15:59:40+00:00","description":"Part L of the Building Regulations states, where mains water hardness exceeds 200ppm the circuit must be treated to reduce the rate of scale deposition","breadcrumb":{"@id":"https:\/\/www.boilermag.com\/fr\/produits\/antitartre-electrolytique\/#breadcrumb"},"inLanguage":"en-US","potentialAction":[{"@type":"ReadAction","target":["https:\/\/www.boilermag.com\/fr\/produits\/antitartre-electrolytique\/"]}]},{"@type":"BreadcrumbList","@id":"https:\/\/www.boilermag.com\/fr\/produits\/antitartre-electrolytique\/#breadcrumb","itemListElement":[{"@type":"ListItem","position":1,"name":"Home","item":"https:\/\/www.boilermag.com\/fr\/"},{"@type":"ListItem","position":2,"name":"Produits","item":"https:\/\/www.boilermag.com\/fr\/produits\/"},{"@type":"ListItem","position":3,"name":"Antitartre \u00e9lectrolytique (ESR)"}]},{"@type":"WebSite","@id":"https:\/\/www.boilermag.com\/fr\/#website","url":"https:\/\/www.boilermag.com\/fr\/","name":"BoilerMag","description":"High Quality Magnetic Heating System Filters","potentialAction":[{"@type":"SearchAction","target":{"@type":"EntryPoint","urlTemplate":"https:\/\/www.boilermag.com\/fr\/?s={search_term_string}"},"query-input":{"@type":"PropertyValueSpecification","valueRequired":true,"valueName":"search_term_string"}}],"inLanguage":"en-US"}]}},"_links":{"self":[{"href":"https:\/\/www.boilermag.com\/fr\/wp-json\/wp\/v2\/pages\/4083","targetHints":{"allow":["GET"]}}],"collection":[{"href":"https:\/\/www.boilermag.com\/fr\/wp-json\/wp\/v2\/pages"}],"about":[{"href":"https:\/\/www.boilermag.com\/fr\/wp-json\/wp\/v2\/types\/page"}],"author":[{"embeddable":true,"href":"https:\/\/www.boilermag.com\/fr\/wp-json\/wp\/v2\/users\/1"}],"replies":[{"embeddable":true,"href":"https:\/\/www.boilermag.com\/fr\/wp-json\/wp\/v2\/comments?post=4083"}],"version-history":[{"count":5,"href":"https:\/\/www.boilermag.com\/fr\/wp-json\/wp\/v2\/pages\/4083\/revisions"}],"predecessor-version":[{"id":7097,"href":"https:\/\/www.boilermag.com\/fr\/wp-json\/wp\/v2\/pages\/4083\/revisions\/7097"}],"up":[{"embeddable":true,"href":"https:\/\/www.boilermag.com\/fr\/wp-json\/wp\/v2\/pages\/2"}],"wp:attachment":[{"href":"https:\/\/www.boilermag.com\/fr\/wp-json\/wp\/v2\/media?parent=4083"}],"curies":[{"name":"wp","href":"https:\/\/api.w.org\/{rel}","templated":true}]}}