{"id":4592,"date":"2014-12-09T11:00:45","date_gmt":"2014-12-09T11:00:45","guid":{"rendered":"http:\/\/www.boilermag.com\/?page_id=4592"},"modified":"2019-12-18T10:30:30","modified_gmt":"2019-12-18T09:30:30","slug":"temoignages","status":"publish","type":"page","link":"https:\/\/www.boilermag.com\/fr\/temoignages\/","title":{"rendered":"T\u00e9moignages"},"content":{"rendered":"[vc_row][vc_column][vc_column_text]La gamme Boilermag est synonyme de hautes performances \u00e0 des prix accessibles. Et, justement, voici quelques retours de nos nombreux clients satisfaits\u00a0:[\/vc_column_text][vc_empty_space][\/vc_column][\/vc_row][vc_row][vc_column width=&#8221;1\/3&#8243;]<div class=\"sec-divider\"><div class=\"cir icomoon-pen-5\" style=\" color:#dd3333;\"><\/div><\/div>[vc_column_text]\n<h4>Engineering <strong>Responsable ing\u00e9nierie \u2013 Sheffield Northern General Hospital<\/strong><\/h4>\n<p>&#8220;Boilermag est un \u00e9l\u00e9ment fondamental pour le maintien d&#8217;une efficacit\u00e9 optimale de notre chauffage. Il offre \u00e9galement une excellente protection des composants de notre syst\u00e8me de chauffage&#8221;[\/vc_column_text][\/vc_column][vc_column width=&#8221;1\/3&#8221;]<div class=\"sec-divider\"><div class=\"cir icomoon-pen-5\" style=\" color:#dd3333;\"><\/div><\/div>[vc_column_text]\n<h4><strong>Jonathan Rees, LJR Heating Services<\/strong><\/h4>\n<p>&#8220;Boilermag est sans \u00e9gal et nous a fait \u00e9conomiser un temps consid\u00e9rable gr\u00e2ce \u00e0 sa facilit\u00e9 d&#8217;installation.&#8221;[\/vc_column_text][\/vc_column][vc_column width=&#8221;1\/3&#8221;]<div class=\"sec-divider\"><div class=\"cir icomoon-pen-5\" style=\" color:#dd3333;\"><\/div><\/div>[vc_column_text]\n<h4><strong>Allan Chambers, \u00e9valuateur gaz BPEC au Swindon College<\/strong><\/h4>\n<p>&#8220;Nous r\u00e9utiliserons sans aucun doute Boilermag \u00e0 l&#8217;avenir : il est facile \u00e0 installer et les r\u00e9sultats sont visibles imm\u00e9diatement par le propri\u00e9taire.&#8221;[\/vc_column_text][\/vc_column][\/vc_row][vc_row][vc_column width=&#8221;1\/3&#8221;]<div class=\"sec-divider\"><div class=\"cir icomoon-pen-5\" style=\" color:#dd3333;\"><\/div><\/div>[vc_column_text]\n<h4><strong>Nicol Leishman, ing\u00e9nieur de site, Gartnavel Royal Hospital<\/strong><\/h4>\n<p>\u201cDepuis l&#8217;installation du Boilermag, nous avons remarqu\u00e9 que notre syst\u00e8me de chauffage est nettement plus performant. Nous recommandons de ne monter que des filtres magn\u00e9tiques de bonne qualit\u00e9 sur tous les syst\u00e8mes de chauffage.\u201d[\/vc_column_text][\/vc_column][vc_column width=&#8221;1\/3&#8243;]<div class=\"sec-divider\"><div class=\"cir icomoon-pen-5\" style=\" color:#dd3333;\"><\/div><\/div>[vc_column_text]\n<h4><strong>Peter Aird, responsable de filiale, HPS Portsmouth<\/strong><\/h4>\n<p>&#8220;Nous nous sommes tr\u00e8s vite approvisionn\u00e9s en Boilermag, ce qui a suscit\u00e9 un vif int\u00e9r\u00eat. En effet, les installateurs ont \u00e9t\u00e9 impressionn\u00e9s par la pr\u00e9sentation du produit et par sa facilit\u00e9 d\u2019installation et d\u2019entretien qui leur a permis de gagner un temps pr\u00e9cieux.&#8221;[\/vc_column_text][\/vc_column][vc_column width=&#8221;1\/3&#8221;]<div class=\"sec-divider\"><div class=\"cir icomoon-pen-5\" style=\" color:#dd3333;\"><\/div><\/div>[vc_column_text]\n<h4><strong>Wayne Bell, Responsable Maintenance, Universit\u00e9 de Cambridge<\/strong><\/h4>\n<p>&#8220;Nous avons pr\u00e9vu d&#8217;installer des BoilermagXT lors de notre prochaine phase de r\u00e9novation. Je recommanderai sans h\u00e9siter les unit\u00e9s \u00e0 d&#8217;autres installateurs et \u00e9quipes de maintenance.&#8221;[\/vc_column_text][\/vc_column][\/vc_row][vc_row][vc_column width=&#8221;1\/3&#8221;]<div class=\"sec-divider\"><div class=\"cir icomoon-pen-5\" style=\" color:#dd3333;\"><\/div><\/div>[vc_column_text]\n<h4><strong>Wayne Fowler, Ing\u00e9nieur en chauffage, Samtech Mechanical Services<\/strong><\/h4>\n<p>&#8220;Nous avons \u00e9t\u00e9 agr\u00e9ablement surpris par la facilit\u00e9 de montage du Boilermag et ses performances magn\u00e9tiques nettement sup\u00e9rieures \u00e0 tous les autres types de filtres que nous avons utilis\u00e9s. Il a \u00e9galement permis d&#8217;\u00e9liminer des particules non magn\u00e9tiques du syst\u00e8me.&#8221;[\/vc_column_text][\/vc_column][vc_column width=&#8221;1\/3&#8221;]<div class=\"sec-divider\"><div class=\"cir icomoon-pen-5\" style=\" color:#dd3333;\"><\/div><\/div>[vc_column_text]\n<h4><strong>Dale Hague, installateur Gastec agr\u00e9\u00e9<\/strong><\/h4>\n<p>&#8220;Boilermag est facile \u00e0 installer et est livr\u00e9 avec tous les raccords n\u00e9cessaires. 20 minutes ont suffi pour le monter et, 45 minutes seulement apr\u00e8s, il avait d\u00e9j\u00e0 extrait une importante quantit\u00e9 de magn\u00e9tite alors que le syst\u00e8me \u00e9tait suppos\u00e9 \u00eatre propre.&#8221;[\/vc_column_text][\/vc_column][vc_column width=&#8221;1\/3&#8221;]<div class=\"sec-divider\"><div class=\"cir icomoon-pen-5\" style=\" color:#dd3333;\"><\/div><\/div>[vc_column_text]\n<h4><strong>Vince Mann, Responsable des op\u00e9rations, IAC Services \u2013 (responsable des h\u00f4tels Holiday Inn)<\/strong><\/h4>\n<p>&#8220;Les r\u00e9sultats parlent d&#8217;eux-m\u00eames : gr\u00e2ce \u00e0 Boilermag, notre syst\u00e8me fonctionne maintenant de fa\u00e7on efficace, avec un meilleur d\u00e9bit d&#8217;eau vers les zones de l&#8217;h\u00f4tel qui, avant, \u00e9taient probl\u00e9matiques.&#8221;[\/vc_column_text][\/vc_column][\/vc_row][vc_row][vc_column width=&#8221;1\/2&#8221;]<div class=\"sec-divider\"><div class=\"cir icomoon-pen-5\" style=\" color:#dd3333;\"><\/div><\/div>[vc_column_text]\n<h4><strong>Omar Nicholls, Responsable b\u00e2timents et maintenance en GB, QMH UK Ltd<\/strong><\/h4>\n<p>&#8220;Nous avons \u00e9t\u00e9 si impressionn\u00e9s lors de la phase d&#8217;essai du Boilermag que nous avons d\u00e9cid\u00e9 d&#8217;acheter l&#8217;unit\u00e9 compl\u00e8te \u00e0 monter sur tous nos raccords.&#8221;[\/vc_column_text][\/vc_column][vc_column width=&#8221;1\/2&#8221;]<div class=\"sec-divider\"><div class=\"cir icomoon-pen-5\" style=\" color:#dd3333;\"><\/div><\/div>[vc_column_text]\n<h4><strong>Paul Hull, P.D.G., PR Hull Heating<\/strong><\/h4>\n<p>\u201cBoilermag nous a imm\u00e9diatement conquis\u00a0: il est facile \u00e0 installer et pr\u00e9sente une excellente capacit\u00e9 de r\u00e9cup\u00e9ration.\u00a0\u201d[\/vc_column_text][\/vc_column][\/vc_row]\n","protected":false},"excerpt":{"rendered":"<p>[vc_row][vc_column][vc_column_text]La gamme Boilermag est synonyme de hautes performances \u00e0 des prix accessibles. Et, justement, voici quelques retours de nos nombreux clients satisfaits\u00a0:[\/vc_column_text][vc_empty_space][\/vc_column][\/vc_row][vc_row][vc_column width=&#8221;1\/3&#8243;][vc_column_text] Engineering Responsable ing\u00e9nierie \u2013 Sheffield Northern General Hospital &#8220;Boilermag est un \u00e9l\u00e9ment fondamental pour le maintien d&#8217;une efficacit\u00e9 optimale de notre chauffage. Il offre \u00e9galement une excellente&#8230; <\/p>\n<p><a class=\"readmore\" href=\"https:\/\/www.boilermag.com\/fr\/temoignages\/\">Read More<\/a><\/p>\n","protected":false},"author":1,"featured_media":0,"parent":0,"menu_order":0,"comment_status":"open","ping_status":"open","template":"","meta":{"footnotes":""},"class_list":["post-4592","page","type-page","status-publish","hentry"],"yoast_head":"<!-- This site is optimized with the Yoast SEO plugin v27.1 - https:\/\/yoast.com\/product\/yoast-seo-wordpress\/ -->\n<title>T\u00e9moignages - BoilerMag<\/title>\n<meta name=\"description\" content=\"The Boilermag range gives high performance at cost effective prices , here are just a few of our many satisfied customers\" \/>\n<meta name=\"robots\" content=\"index, follow, max-snippet:-1, max-image-preview:large, max-video-preview:-1\" \/>\n<link rel=\"canonical\" href=\"https:\/\/www.boilermag.com\/fr\/temoignages\/\" \/>\n<meta property=\"og:locale\" content=\"en_US\" \/>\n<meta property=\"og:type\" content=\"article\" \/>\n<meta property=\"og:title\" content=\"T\u00e9moignages - BoilerMag\" \/>\n<meta property=\"og:description\" content=\"The Boilermag range gives high performance at cost effective prices , here are just a few of our many satisfied customers\" \/>\n<meta property=\"og:url\" content=\"https:\/\/www.boilermag.com\/fr\/temoignages\/\" \/>\n<meta property=\"og:site_name\" content=\"BoilerMag\" \/>\n<meta property=\"article:modified_time\" content=\"2019-12-18T09:30:30+00:00\" \/>\n<meta name=\"twitter:label1\" content=\"Est. reading time\" \/>\n\t<meta name=\"twitter:data1\" content=\"3 minutes\" \/>\n<script type=\"application\/ld+json\" class=\"yoast-schema-graph\">{\"@context\":\"https:\/\/schema.org\",\"@graph\":[{\"@type\":\"WebPage\",\"@id\":\"https:\/\/www.boilermag.com\/fr\/temoignages\/\",\"url\":\"https:\/\/www.boilermag.com\/fr\/temoignages\/\",\"name\":\"T\u00e9moignages - BoilerMag\",\"isPartOf\":{\"@id\":\"https:\/\/www.boilermag.com\/fr\/#website\"},\"datePublished\":\"2014-12-09T11:00:45+00:00\",\"dateModified\":\"2019-12-18T09:30:30+00:00\",\"description\":\"The Boilermag range gives high performance at cost effective prices , here are just a few of our many satisfied customers\",\"breadcrumb\":{\"@id\":\"https:\/\/www.boilermag.com\/fr\/temoignages\/#breadcrumb\"},\"inLanguage\":\"en-US\",\"potentialAction\":[{\"@type\":\"ReadAction\",\"target\":[\"https:\/\/www.boilermag.com\/fr\/temoignages\/\"]}]},{\"@type\":\"BreadcrumbList\",\"@id\":\"https:\/\/www.boilermag.com\/fr\/temoignages\/#breadcrumb\",\"itemListElement\":[{\"@type\":\"ListItem\",\"position\":1,\"name\":\"Home\",\"item\":\"https:\/\/www.boilermag.com\/fr\/\"},{\"@type\":\"ListItem\",\"position\":2,\"name\":\"T\u00e9moignages\"}]},{\"@type\":\"WebSite\",\"@id\":\"https:\/\/www.boilermag.com\/fr\/#website\",\"url\":\"https:\/\/www.boilermag.com\/fr\/\",\"name\":\"BoilerMag\",\"description\":\"High Quality Magnetic Heating System Filters\",\"potentialAction\":[{\"@type\":\"SearchAction\",\"target\":{\"@type\":\"EntryPoint\",\"urlTemplate\":\"https:\/\/www.boilermag.com\/fr\/?s={search_term_string}\"},\"query-input\":{\"@type\":\"PropertyValueSpecification\",\"valueRequired\":true,\"valueName\":\"search_term_string\"}}],\"inLanguage\":\"en-US\"}]}<\/script>\n<!-- \/ Yoast SEO plugin. -->","yoast_head_json":{"title":"T\u00e9moignages - BoilerMag","description":"The Boilermag range gives high performance at cost effective prices , here are just a few of our many satisfied customers","robots":{"index":"index","follow":"follow","max-snippet":"max-snippet:-1","max-image-preview":"max-image-preview:large","max-video-preview":"max-video-preview:-1"},"canonical":"https:\/\/www.boilermag.com\/fr\/temoignages\/","og_locale":"en_US","og_type":"article","og_title":"T\u00e9moignages - BoilerMag","og_description":"The Boilermag range gives high performance at cost effective prices , here are just a few of our many satisfied customers","og_url":"https:\/\/www.boilermag.com\/fr\/temoignages\/","og_site_name":"BoilerMag","article_modified_time":"2019-12-18T09:30:30+00:00","twitter_misc":{"Est. reading time":"3 minutes"},"schema":{"@context":"https:\/\/schema.org","@graph":[{"@type":"WebPage","@id":"https:\/\/www.boilermag.com\/fr\/temoignages\/","url":"https:\/\/www.boilermag.com\/fr\/temoignages\/","name":"T\u00e9moignages - BoilerMag","isPartOf":{"@id":"https:\/\/www.boilermag.com\/fr\/#website"},"datePublished":"2014-12-09T11:00:45+00:00","dateModified":"2019-12-18T09:30:30+00:00","description":"The Boilermag range gives high performance at cost effective prices , here are just a few of our many satisfied customers","breadcrumb":{"@id":"https:\/\/www.boilermag.com\/fr\/temoignages\/#breadcrumb"},"inLanguage":"en-US","potentialAction":[{"@type":"ReadAction","target":["https:\/\/www.boilermag.com\/fr\/temoignages\/"]}]},{"@type":"BreadcrumbList","@id":"https:\/\/www.boilermag.com\/fr\/temoignages\/#breadcrumb","itemListElement":[{"@type":"ListItem","position":1,"name":"Home","item":"https:\/\/www.boilermag.com\/fr\/"},{"@type":"ListItem","position":2,"name":"T\u00e9moignages"}]},{"@type":"WebSite","@id":"https:\/\/www.boilermag.com\/fr\/#website","url":"https:\/\/www.boilermag.com\/fr\/","name":"BoilerMag","description":"High Quality Magnetic Heating System Filters","potentialAction":[{"@type":"SearchAction","target":{"@type":"EntryPoint","urlTemplate":"https:\/\/www.boilermag.com\/fr\/?s={search_term_string}"},"query-input":{"@type":"PropertyValueSpecification","valueRequired":true,"valueName":"search_term_string"}}],"inLanguage":"en-US"}]}},"_links":{"self":[{"href":"https:\/\/www.boilermag.com\/fr\/wp-json\/wp\/v2\/pages\/4592","targetHints":{"allow":["GET"]}}],"collection":[{"href":"https:\/\/www.boilermag.com\/fr\/wp-json\/wp\/v2\/pages"}],"about":[{"href":"https:\/\/www.boilermag.com\/fr\/wp-json\/wp\/v2\/types\/page"}],"author":[{"embeddable":true,"href":"https:\/\/www.boilermag.com\/fr\/wp-json\/wp\/v2\/users\/1"}],"replies":[{"embeddable":true,"href":"https:\/\/www.boilermag.com\/fr\/wp-json\/wp\/v2\/comments?post=4592"}],"version-history":[{"count":5,"href":"https:\/\/www.boilermag.com\/fr\/wp-json\/wp\/v2\/pages\/4592\/revisions"}],"predecessor-version":[{"id":7043,"href":"https:\/\/www.boilermag.com\/fr\/wp-json\/wp\/v2\/pages\/4592\/revisions\/7043"}],"wp:attachment":[{"href":"https:\/\/www.boilermag.com\/fr\/wp-json\/wp\/v2\/media?parent=4592"}],"curies":[{"name":"wp","href":"https:\/\/api.w.org\/{rel}","templated":true}]}}