{"id":5097,"date":"2015-11-18T09:55:53","date_gmt":"2015-11-18T09:55:53","guid":{"rendered":"http:\/\/www.boilermag.com\/?page_id=5097"},"modified":"2023-06-06T11:35:30","modified_gmt":"2023-06-06T09:35:30","slug":"inhibiteur-de-systeme-de-chauffage-centralise-bm1","status":"publish","type":"page","link":"https:\/\/www.boilermag.com\/fr\/produits\/produits-chimiques\/inhibiteur-de-systeme-de-chauffage-centralise-bm1\/","title":{"rendered":"Inhibiteur de syst\u00e8me de chauffage centralis\u00e9 BM1"},"content":{"rendered":"[vc_row][vc_column width=&#8221;1\/2&#8243;][vc_column_text]Le BM1 est une formule hautes performances utilis\u00e9e dans plus d&#8217;un million de b\u00e2timents en Grande-Bretagne. Elle pr\u00e9serve l&#8217;efficacit\u00e9 des syst\u00e8mes de chauffage, tout en pr\u00e9venant la formation de calcaire et la corrosion des m\u00e9taux mais sans attaquer les composants en plastique ou en caoutchouc de la plomberie comme les joints par exemple.<\/p>\n<p>La formule du BM1 sans borates ni phosphates prot\u00e8ge les syst\u00e8mes de chauffage, sans les effets n\u00e9fastes associ\u00e9s aux produits de protection traditionnels.<\/p>\n<ul>\n<li>Protection longue dur\u00e9e exceptionnelle<\/li>\n<li>Efficacit\u00e9 des syst\u00e8mes de chauffage pr\u00e9serv\u00e9e<\/li>\n<li>Compatibilit\u00e9 avec tous les types courants de chaudi\u00e8res (y compris les \u00e9changeurs de chaleur en aluminium)<\/li>\n<li>Pr\u00e9vention des points froids sur les radiateurs et des dommages des chaudi\u00e8res<\/li>\n<li>Formule sans borates ni phosphates<\/li>\n<li>Formule sans nitrates ni EDTA &#8211; pr\u00e9vient la corrosion des m\u00e9taux<\/li>\n<li>Build Cert approved (complies with Part L of the Building Regulations)<\/li>\n<li>Id\u00e9al pour les syst\u00e8mes herm\u00e9tiques ou ventil\u00e9s<\/li>\n<li>Pour un usage conforme \u00e0 la norme BS7593:2006<\/li>\n<li>Un seul flacon de 500\u00a0ml suffit pour traiter un syst\u00e8me de 100\u00a0litres<\/li>\n<li>Non toxique, respectueux de l&#8217;environnement<\/li>\n<li>\u00c0 utiliser avec un <a href=\"https:\/\/www.boilermag.com\/products\/domestic\/\">filtre magn\u00e9tique Boilermag<\/a><\/li>\n<\/ul>\n<p style=\"margin: 0in; font-family: Calibri; font-size: 11.0pt;\"><a href=\"https:\/\/www.boilermag.com\/fr\/contact\/\" class=\"button red  medium  \" target=\"_blank\">Obtenir un devis<\/a>\n[\/vc_column_text][\/vc_column][vc_column width=&#8221;1\/2&#8243;][vc_single_image image=&#8221;6461&#8243; img_size=&#8221;full&#8221; alignment=&#8221;center&#8221;][vc_single_image image=&#8221;4452&#8243; img_size=&#8221;large&#8221; alignment=&#8221;center&#8221;][\/vc_column][\/vc_row][vc_row][vc_column width=&#8221;1\/2&#8243;][vc_column_text]\n<h4><strong>Bande de test d&#8217;indication de niveau pour BM1<\/strong><\/h4>\n[\/vc_column_text][vc_column_text]Les bandes de test pour BM1 sont un moyen efficace de v\u00e9rifier la teneur restante en inhibiteur BM1 dans les syst\u00e8mes.<\/p>\n<p>En plongeant une bande de test pour BM1 dans un \u00e9chantillon d&#8217;eau d&#8217;un syst\u00e8me, les ing\u00e9nieurs peuvent savoir si la teneur en inhibiteur est optimis\u00e9e, tant avant qu&#8217;apr\u00e8s le dosage.<\/p>\n<p>Durant le test, la bande change de couleur suite \u00e0 une r\u00e9action. Il suffit alors de contr\u00f4ler la signification de la couleur dans le tableau de l&#8217;indicateur de niveau pour BM1 pour savoir s&#8217;il est n\u00e9cessaire de rajouter du produit.<\/p>\n<p><img loading=\"lazy\" decoding=\"async\" class=\"alignnone size-medium wp-image-7124\" src=\"https:\/\/www.boilermag.com\/fr\/wp-content\/uploads\/2023\/06\/BM1-Level-Indicator-Chart-208x300.png\" alt=\"BM1 Level Indicator Chart\" width=\"208\" height=\"300\" srcset=\"https:\/\/www.boilermag.com\/fr\/wp-content\/uploads\/2023\/06\/BM1-Level-Indicator-Chart-208x300.png 208w, https:\/\/www.boilermag.com\/fr\/wp-content\/uploads\/2023\/06\/BM1-Level-Indicator-Chart.png 214w\" sizes=\"auto, (max-width: 208px) 100vw, 208px\" \/><\/p>\n[\/vc_column_text][\/vc_column][vc_column width=&#8221;1\/2&#8243;][vc_single_image image=&#8221;6462&#8243; img_size=&#8221;full&#8221; alignment=&#8221;center&#8221;][\/vc_column][\/vc_row]\n","protected":false},"excerpt":{"rendered":"<p>[vc_row][vc_column width=&#8221;1\/2&#8243;][vc_column_text]Le BM1 est une formule hautes performances utilis\u00e9e dans plus d&#8217;un million de b\u00e2timents en Grande-Bretagne. Elle pr\u00e9serve l&#8217;efficacit\u00e9 des syst\u00e8mes de chauffage, tout en pr\u00e9venant la formation de calcaire et la corrosion des m\u00e9taux mais sans attaquer les composants en plastique ou en caoutchouc de la plomberie comme&#8230; <\/p>\n<p><a class=\"readmore\" href=\"https:\/\/www.boilermag.com\/fr\/produits\/produits-chimiques\/inhibiteur-de-systeme-de-chauffage-centralise-bm1\/\">Read More<\/a><\/p>\n","protected":false},"author":1,"featured_media":0,"parent":4069,"menu_order":0,"comment_status":"closed","ping_status":"closed","template":"","meta":{"footnotes":""},"class_list":["post-5097","page","type-page","status-publish","hentry"],"yoast_head":"<!-- This site is optimized with the Yoast SEO plugin v27.1 - https:\/\/yoast.com\/product\/yoast-seo-wordpress\/ -->\n<title>Inhibiteur de syst\u00e8me de chauffage centralis\u00e9 BM1 - BoilerMag<\/title>\n<meta name=\"description\" content=\"The bm1 inhibitor provides complete protection against scale formulation and metal corrosion\" \/>\n<meta name=\"robots\" content=\"index, follow, max-snippet:-1, max-image-preview:large, max-video-preview:-1\" \/>\n<link rel=\"canonical\" href=\"https:\/\/www.boilermag.com\/fr\/produits\/produits-chimiques\/inhibiteur-de-systeme-de-chauffage-centralise-bm1\/\" \/>\n<meta property=\"og:locale\" content=\"en_US\" \/>\n<meta property=\"og:type\" content=\"article\" \/>\n<meta property=\"og:title\" content=\"Inhibiteur de syst\u00e8me de chauffage centralis\u00e9 BM1 - BoilerMag\" \/>\n<meta property=\"og:description\" content=\"The bm1 inhibitor provides complete protection against scale formulation and metal corrosion\" \/>\n<meta property=\"og:url\" content=\"https:\/\/www.boilermag.com\/fr\/produits\/produits-chimiques\/inhibiteur-de-systeme-de-chauffage-centralise-bm1\/\" \/>\n<meta property=\"og:site_name\" content=\"BoilerMag\" \/>\n<meta property=\"article:modified_time\" content=\"2023-06-06T09:35:30+00:00\" \/>\n<meta property=\"og:image\" content=\"https:\/\/www.boilermag.com\/fr\/wp-content\/uploads\/2023\/06\/BM1-Level-Indicator-Chart.png\" \/>\n\t<meta property=\"og:image:width\" content=\"214\" \/>\n\t<meta property=\"og:image:height\" content=\"309\" \/>\n\t<meta property=\"og:image:type\" content=\"image\/png\" \/>\n<meta name=\"twitter:label1\" content=\"Est. reading time\" \/>\n\t<meta name=\"twitter:data1\" content=\"2 minutes\" \/>\n<script type=\"application\/ld+json\" class=\"yoast-schema-graph\">{\"@context\":\"https:\/\/schema.org\",\"@graph\":[{\"@type\":\"WebPage\",\"@id\":\"https:\/\/www.boilermag.com\/fr\/produits\/produits-chimiques\/inhibiteur-de-systeme-de-chauffage-centralise-bm1\/\",\"url\":\"https:\/\/www.boilermag.com\/fr\/produits\/produits-chimiques\/inhibiteur-de-systeme-de-chauffage-centralise-bm1\/\",\"name\":\"Inhibiteur de syst\u00e8me de chauffage centralis\u00e9 BM1 - BoilerMag\",\"isPartOf\":{\"@id\":\"https:\/\/www.boilermag.com\/fr\/#website\"},\"primaryImageOfPage\":{\"@id\":\"https:\/\/www.boilermag.com\/fr\/produits\/produits-chimiques\/inhibiteur-de-systeme-de-chauffage-centralise-bm1\/#primaryimage\"},\"image\":{\"@id\":\"https:\/\/www.boilermag.com\/fr\/produits\/produits-chimiques\/inhibiteur-de-systeme-de-chauffage-centralise-bm1\/#primaryimage\"},\"thumbnailUrl\":\"https:\/\/www.boilermag.com\/fr\/wp-content\/uploads\/2023\/06\/BM1-Level-Indicator-Chart-208x300.png\",\"datePublished\":\"2015-11-18T09:55:53+00:00\",\"dateModified\":\"2023-06-06T09:35:30+00:00\",\"description\":\"The bm1 inhibitor provides complete protection against scale formulation and metal corrosion\",\"breadcrumb\":{\"@id\":\"https:\/\/www.boilermag.com\/fr\/produits\/produits-chimiques\/inhibiteur-de-systeme-de-chauffage-centralise-bm1\/#breadcrumb\"},\"inLanguage\":\"en-US\",\"potentialAction\":[{\"@type\":\"ReadAction\",\"target\":[\"https:\/\/www.boilermag.com\/fr\/produits\/produits-chimiques\/inhibiteur-de-systeme-de-chauffage-centralise-bm1\/\"]}]},{\"@type\":\"ImageObject\",\"inLanguage\":\"en-US\",\"@id\":\"https:\/\/www.boilermag.com\/fr\/produits\/produits-chimiques\/inhibiteur-de-systeme-de-chauffage-centralise-bm1\/#primaryimage\",\"url\":\"https:\/\/www.boilermag.com\/fr\/wp-content\/uploads\/2023\/06\/BM1-Level-Indicator-Chart.png\",\"contentUrl\":\"https:\/\/www.boilermag.com\/fr\/wp-content\/uploads\/2023\/06\/BM1-Level-Indicator-Chart.png\",\"width\":214,\"height\":309,\"caption\":\"BM1 Level Indicator Chart\"},{\"@type\":\"BreadcrumbList\",\"@id\":\"https:\/\/www.boilermag.com\/fr\/produits\/produits-chimiques\/inhibiteur-de-systeme-de-chauffage-centralise-bm1\/#breadcrumb\",\"itemListElement\":[{\"@type\":\"ListItem\",\"position\":1,\"name\":\"Home\",\"item\":\"https:\/\/www.boilermag.com\/fr\/\"},{\"@type\":\"ListItem\",\"position\":2,\"name\":\"Produits\",\"item\":\"https:\/\/www.boilermag.com\/fr\/produits\/\"},{\"@type\":\"ListItem\",\"position\":3,\"name\":\"Produits chimiques\",\"item\":\"https:\/\/www.boilermag.com\/fr\/produits\/produits-chimiques\/\"},{\"@type\":\"ListItem\",\"position\":4,\"name\":\"Inhibiteur de syst\u00e8me de chauffage centralis\u00e9 BM1\"}]},{\"@type\":\"WebSite\",\"@id\":\"https:\/\/www.boilermag.com\/fr\/#website\",\"url\":\"https:\/\/www.boilermag.com\/fr\/\",\"name\":\"BoilerMag\",\"description\":\"High Quality Magnetic Heating System Filters\",\"potentialAction\":[{\"@type\":\"SearchAction\",\"target\":{\"@type\":\"EntryPoint\",\"urlTemplate\":\"https:\/\/www.boilermag.com\/fr\/?s={search_term_string}\"},\"query-input\":{\"@type\":\"PropertyValueSpecification\",\"valueRequired\":true,\"valueName\":\"search_term_string\"}}],\"inLanguage\":\"en-US\"}]}<\/script>\n<!-- \/ Yoast SEO plugin. -->","yoast_head_json":{"title":"Inhibiteur de syst\u00e8me de chauffage centralis\u00e9 BM1 - BoilerMag","description":"The bm1 inhibitor provides complete protection against scale formulation and metal corrosion","robots":{"index":"index","follow":"follow","max-snippet":"max-snippet:-1","max-image-preview":"max-image-preview:large","max-video-preview":"max-video-preview:-1"},"canonical":"https:\/\/www.boilermag.com\/fr\/produits\/produits-chimiques\/inhibiteur-de-systeme-de-chauffage-centralise-bm1\/","og_locale":"en_US","og_type":"article","og_title":"Inhibiteur de syst\u00e8me de chauffage centralis\u00e9 BM1 - BoilerMag","og_description":"The bm1 inhibitor provides complete protection against scale formulation and metal corrosion","og_url":"https:\/\/www.boilermag.com\/fr\/produits\/produits-chimiques\/inhibiteur-de-systeme-de-chauffage-centralise-bm1\/","og_site_name":"BoilerMag","article_modified_time":"2023-06-06T09:35:30+00:00","og_image":[{"width":214,"height":309,"url":"https:\/\/www.boilermag.com\/fr\/wp-content\/uploads\/2023\/06\/BM1-Level-Indicator-Chart.png","type":"image\/png"}],"twitter_misc":{"Est. reading time":"2 minutes"},"schema":{"@context":"https:\/\/schema.org","@graph":[{"@type":"WebPage","@id":"https:\/\/www.boilermag.com\/fr\/produits\/produits-chimiques\/inhibiteur-de-systeme-de-chauffage-centralise-bm1\/","url":"https:\/\/www.boilermag.com\/fr\/produits\/produits-chimiques\/inhibiteur-de-systeme-de-chauffage-centralise-bm1\/","name":"Inhibiteur de syst\u00e8me de chauffage centralis\u00e9 BM1 - BoilerMag","isPartOf":{"@id":"https:\/\/www.boilermag.com\/fr\/#website"},"primaryImageOfPage":{"@id":"https:\/\/www.boilermag.com\/fr\/produits\/produits-chimiques\/inhibiteur-de-systeme-de-chauffage-centralise-bm1\/#primaryimage"},"image":{"@id":"https:\/\/www.boilermag.com\/fr\/produits\/produits-chimiques\/inhibiteur-de-systeme-de-chauffage-centralise-bm1\/#primaryimage"},"thumbnailUrl":"https:\/\/www.boilermag.com\/fr\/wp-content\/uploads\/2023\/06\/BM1-Level-Indicator-Chart-208x300.png","datePublished":"2015-11-18T09:55:53+00:00","dateModified":"2023-06-06T09:35:30+00:00","description":"The bm1 inhibitor provides complete protection against scale formulation and metal corrosion","breadcrumb":{"@id":"https:\/\/www.boilermag.com\/fr\/produits\/produits-chimiques\/inhibiteur-de-systeme-de-chauffage-centralise-bm1\/#breadcrumb"},"inLanguage":"en-US","potentialAction":[{"@type":"ReadAction","target":["https:\/\/www.boilermag.com\/fr\/produits\/produits-chimiques\/inhibiteur-de-systeme-de-chauffage-centralise-bm1\/"]}]},{"@type":"ImageObject","inLanguage":"en-US","@id":"https:\/\/www.boilermag.com\/fr\/produits\/produits-chimiques\/inhibiteur-de-systeme-de-chauffage-centralise-bm1\/#primaryimage","url":"https:\/\/www.boilermag.com\/fr\/wp-content\/uploads\/2023\/06\/BM1-Level-Indicator-Chart.png","contentUrl":"https:\/\/www.boilermag.com\/fr\/wp-content\/uploads\/2023\/06\/BM1-Level-Indicator-Chart.png","width":214,"height":309,"caption":"BM1 Level Indicator Chart"},{"@type":"BreadcrumbList","@id":"https:\/\/www.boilermag.com\/fr\/produits\/produits-chimiques\/inhibiteur-de-systeme-de-chauffage-centralise-bm1\/#breadcrumb","itemListElement":[{"@type":"ListItem","position":1,"name":"Home","item":"https:\/\/www.boilermag.com\/fr\/"},{"@type":"ListItem","position":2,"name":"Produits","item":"https:\/\/www.boilermag.com\/fr\/produits\/"},{"@type":"ListItem","position":3,"name":"Produits chimiques","item":"https:\/\/www.boilermag.com\/fr\/produits\/produits-chimiques\/"},{"@type":"ListItem","position":4,"name":"Inhibiteur de syst\u00e8me de chauffage centralis\u00e9 BM1"}]},{"@type":"WebSite","@id":"https:\/\/www.boilermag.com\/fr\/#website","url":"https:\/\/www.boilermag.com\/fr\/","name":"BoilerMag","description":"High Quality Magnetic Heating System Filters","potentialAction":[{"@type":"SearchAction","target":{"@type":"EntryPoint","urlTemplate":"https:\/\/www.boilermag.com\/fr\/?s={search_term_string}"},"query-input":{"@type":"PropertyValueSpecification","valueRequired":true,"valueName":"search_term_string"}}],"inLanguage":"en-US"}]}},"_links":{"self":[{"href":"https:\/\/www.boilermag.com\/fr\/wp-json\/wp\/v2\/pages\/5097","targetHints":{"allow":["GET"]}}],"collection":[{"href":"https:\/\/www.boilermag.com\/fr\/wp-json\/wp\/v2\/pages"}],"about":[{"href":"https:\/\/www.boilermag.com\/fr\/wp-json\/wp\/v2\/types\/page"}],"author":[{"embeddable":true,"href":"https:\/\/www.boilermag.com\/fr\/wp-json\/wp\/v2\/users\/1"}],"replies":[{"embeddable":true,"href":"https:\/\/www.boilermag.com\/fr\/wp-json\/wp\/v2\/comments?post=5097"}],"version-history":[{"count":5,"href":"https:\/\/www.boilermag.com\/fr\/wp-json\/wp\/v2\/pages\/5097\/revisions"}],"predecessor-version":[{"id":7125,"href":"https:\/\/www.boilermag.com\/fr\/wp-json\/wp\/v2\/pages\/5097\/revisions\/7125"}],"up":[{"embeddable":true,"href":"https:\/\/www.boilermag.com\/fr\/wp-json\/wp\/v2\/pages\/4069"}],"wp:attachment":[{"href":"https:\/\/www.boilermag.com\/fr\/wp-json\/wp\/v2\/media?parent=5097"}],"curies":[{"name":"wp","href":"https:\/\/api.w.org\/{rel}","templated":true}]}}