{"id":5166,"date":"2015-11-18T10:04:56","date_gmt":"2015-11-18T10:04:56","guid":{"rendered":"http:\/\/www.boilermag.com\/?page_id=5166"},"modified":"2019-12-18T11:18:39","modified_gmt":"2019-12-18T10:18:39","slug":"kit-part-l","status":"publish","type":"page","link":"https:\/\/www.boilermag.com\/fr\/produits\/produits-chimiques\/kit-part-l\/","title":{"rendered":"Kit Part L"},"content":{"rendered":"[vc_row][vc_column width=&#8221;1\/2&#8243;][vc_column_text]\n<h2>Kit Part L<\/h2>\n<h4>Traitement haut-de-gamme pour les syst\u00e8mes de chauffage centralis\u00e9s et d&#8217;eau chaude<\/h4>\n[\/vc_column_text][vc_column_text]Les derni\u00e8res r\u00e9glementations du b\u00e2timent (1<sup>er<\/sup> avril 2014) exigent que des mesures soient adopt\u00e9es pour maximiser l&#8217;efficacit\u00e9 des syst\u00e8mes et la circulation dans les syst\u00e8mes d&#8217;eau chaude r\u00e9sidentiels. Celles-ci incluent toute une s\u00e9rie de m\u00e9thodes de traitement et de r\u00e9cup\u00e9ration.<\/p>\n<p>En un seul et simple kit, nous avons r\u00e9uni tout le n\u00e9cessaire pour la conformit\u00e9 \u00e0 la Partie L.<\/p>\n<p>Le kit inclut\u00a0:<\/p>\n<ul>\n<li>Filtre magn\u00e9tique (disponible en version de 22 ou 28\u00a0mm)<\/li>\n<li>Inhibiteur pour syst\u00e8me de chauffage centralis\u00e9 BM1 (Homologu\u00e9 BuildCert)<\/li>\n<li>Agent nettoyant pour syst\u00e8me de chauffage centralis\u00e9 BM3<\/li>\n<li>Antitartre \u00e9lectrolytique (15\u00a0mm)*<\/li>\n<\/ul>\n<p><em>Un kit complet pour se conformer plus facilement \u00e0 la Partie L des r\u00e9glementations du b\u00e2timent <\/em><\/p>\n<p>*M\u00eame si l&#8217;installation d&#8217;un antitartre \u00e9lectrolytique est toujours recommand\u00e9e, la pose de ce type de syst\u00e8me n&#8217;est cependant obligatoire que lorsque la duret\u00e9 de l&#8217;eau de distribution d\u00e9passe les 200\u00a0parties par million.[\/vc_column_text][\/vc_column][vc_column width=&#8221;1\/2&#8243;][vc_single_image image=&#8221;6451&#8243; img_size=&#8221;full&#8221;][vc_column_text]\n<p style=\"text-align: left;\">[vc_button2 title=&#8221;T\u00e9l\u00e9charger la brochure&#8221; style=&#8221;square&#8221; color=&#8221;juicy_pink&#8221; size=&#8221;lg&#8221; link=&#8221;url:%2Fwp-content%2Fuploads%2Fdownloads%2Fpart_l_pack_leaflet.pdf|title:Leaflet|target:%20_blank&#8221;]\n[\/vc_column_text][\/vc_column][\/vc_row]\n","protected":false},"excerpt":{"rendered":"<p>[vc_row][vc_column width=&#8221;1\/2&#8243;][vc_column_text] Kit Part L Traitement haut-de-gamme pour les syst\u00e8mes de chauffage centralis\u00e9s et d&#8217;eau chaude [\/vc_column_text][vc_column_text]Les derni\u00e8res r\u00e9glementations du b\u00e2timent (1er avril 2014) exigent que des mesures soient adopt\u00e9es pour maximiser l&#8217;efficacit\u00e9 des syst\u00e8mes et la circulation dans les syst\u00e8mes d&#8217;eau chaude r\u00e9sidentiels. Celles-ci incluent toute une s\u00e9rie de&#8230; <\/p>\n<p><a class=\"readmore\" href=\"https:\/\/www.boilermag.com\/fr\/produits\/produits-chimiques\/kit-part-l\/\">Read More<\/a><\/p>\n","protected":false},"author":6,"featured_media":0,"parent":4069,"menu_order":0,"comment_status":"closed","ping_status":"closed","template":"","meta":{"footnotes":""},"class_list":["post-5166","page","type-page","status-publish","hentry"],"yoast_head":"<!-- This site is optimized with the Yoast SEO plugin v27.1 - https:\/\/yoast.com\/product\/yoast-seo-wordpress\/ -->\n<title>Kit Part L - BoilerMag<\/title>\n<meta name=\"description\" content=\"We have put together a simple pack which will provide you with the most effective options, helping you to comply with the Part L regulations\" \/>\n<meta name=\"robots\" content=\"index, follow, max-snippet:-1, max-image-preview:large, max-video-preview:-1\" \/>\n<link rel=\"canonical\" href=\"https:\/\/www.boilermag.com\/fr\/produits\/produits-chimiques\/kit-part-l\/\" \/>\n<meta property=\"og:locale\" content=\"en_US\" \/>\n<meta property=\"og:type\" content=\"article\" \/>\n<meta property=\"og:title\" content=\"Kit Part L - BoilerMag\" \/>\n<meta property=\"og:description\" content=\"We have put together a simple pack which will provide you with the most effective options, helping you to comply with the Part L regulations\" \/>\n<meta property=\"og:url\" content=\"https:\/\/www.boilermag.com\/fr\/produits\/produits-chimiques\/kit-part-l\/\" \/>\n<meta property=\"og:site_name\" content=\"BoilerMag\" \/>\n<meta property=\"article:modified_time\" content=\"2019-12-18T10:18:39+00:00\" \/>\n<meta name=\"twitter:label1\" content=\"Est. reading time\" \/>\n\t<meta name=\"twitter:data1\" content=\"1 minute\" \/>\n<script type=\"application\/ld+json\" class=\"yoast-schema-graph\">{\"@context\":\"https:\/\/schema.org\",\"@graph\":[{\"@type\":\"WebPage\",\"@id\":\"https:\/\/www.boilermag.com\/fr\/produits\/produits-chimiques\/kit-part-l\/\",\"url\":\"https:\/\/www.boilermag.com\/fr\/produits\/produits-chimiques\/kit-part-l\/\",\"name\":\"Kit Part L - BoilerMag\",\"isPartOf\":{\"@id\":\"https:\/\/www.boilermag.com\/fr\/#website\"},\"datePublished\":\"2015-11-18T10:04:56+00:00\",\"dateModified\":\"2019-12-18T10:18:39+00:00\",\"description\":\"We have put together a simple pack which will provide you with the most effective options, helping you to comply with the Part L regulations\",\"breadcrumb\":{\"@id\":\"https:\/\/www.boilermag.com\/fr\/produits\/produits-chimiques\/kit-part-l\/#breadcrumb\"},\"inLanguage\":\"en-US\",\"potentialAction\":[{\"@type\":\"ReadAction\",\"target\":[\"https:\/\/www.boilermag.com\/fr\/produits\/produits-chimiques\/kit-part-l\/\"]}]},{\"@type\":\"BreadcrumbList\",\"@id\":\"https:\/\/www.boilermag.com\/fr\/produits\/produits-chimiques\/kit-part-l\/#breadcrumb\",\"itemListElement\":[{\"@type\":\"ListItem\",\"position\":1,\"name\":\"Home\",\"item\":\"https:\/\/www.boilermag.com\/fr\/\"},{\"@type\":\"ListItem\",\"position\":2,\"name\":\"Produits\",\"item\":\"https:\/\/www.boilermag.com\/fr\/produits\/\"},{\"@type\":\"ListItem\",\"position\":3,\"name\":\"Produits chimiques\",\"item\":\"https:\/\/www.boilermag.com\/fr\/produits\/produits-chimiques\/\"},{\"@type\":\"ListItem\",\"position\":4,\"name\":\"Kit Part L\"}]},{\"@type\":\"WebSite\",\"@id\":\"https:\/\/www.boilermag.com\/fr\/#website\",\"url\":\"https:\/\/www.boilermag.com\/fr\/\",\"name\":\"BoilerMag\",\"description\":\"High Quality Magnetic Heating System Filters\",\"potentialAction\":[{\"@type\":\"SearchAction\",\"target\":{\"@type\":\"EntryPoint\",\"urlTemplate\":\"https:\/\/www.boilermag.com\/fr\/?s={search_term_string}\"},\"query-input\":{\"@type\":\"PropertyValueSpecification\",\"valueRequired\":true,\"valueName\":\"search_term_string\"}}],\"inLanguage\":\"en-US\"}]}<\/script>\n<!-- \/ Yoast SEO plugin. -->","yoast_head_json":{"title":"Kit Part L - BoilerMag","description":"We have put together a simple pack which will provide you with the most effective options, helping you to comply with the Part L regulations","robots":{"index":"index","follow":"follow","max-snippet":"max-snippet:-1","max-image-preview":"max-image-preview:large","max-video-preview":"max-video-preview:-1"},"canonical":"https:\/\/www.boilermag.com\/fr\/produits\/produits-chimiques\/kit-part-l\/","og_locale":"en_US","og_type":"article","og_title":"Kit Part L - BoilerMag","og_description":"We have put together a simple pack which will provide you with the most effective options, helping you to comply with the Part L regulations","og_url":"https:\/\/www.boilermag.com\/fr\/produits\/produits-chimiques\/kit-part-l\/","og_site_name":"BoilerMag","article_modified_time":"2019-12-18T10:18:39+00:00","twitter_misc":{"Est. reading time":"1 minute"},"schema":{"@context":"https:\/\/schema.org","@graph":[{"@type":"WebPage","@id":"https:\/\/www.boilermag.com\/fr\/produits\/produits-chimiques\/kit-part-l\/","url":"https:\/\/www.boilermag.com\/fr\/produits\/produits-chimiques\/kit-part-l\/","name":"Kit Part L - BoilerMag","isPartOf":{"@id":"https:\/\/www.boilermag.com\/fr\/#website"},"datePublished":"2015-11-18T10:04:56+00:00","dateModified":"2019-12-18T10:18:39+00:00","description":"We have put together a simple pack which will provide you with the most effective options, helping you to comply with the Part L regulations","breadcrumb":{"@id":"https:\/\/www.boilermag.com\/fr\/produits\/produits-chimiques\/kit-part-l\/#breadcrumb"},"inLanguage":"en-US","potentialAction":[{"@type":"ReadAction","target":["https:\/\/www.boilermag.com\/fr\/produits\/produits-chimiques\/kit-part-l\/"]}]},{"@type":"BreadcrumbList","@id":"https:\/\/www.boilermag.com\/fr\/produits\/produits-chimiques\/kit-part-l\/#breadcrumb","itemListElement":[{"@type":"ListItem","position":1,"name":"Home","item":"https:\/\/www.boilermag.com\/fr\/"},{"@type":"ListItem","position":2,"name":"Produits","item":"https:\/\/www.boilermag.com\/fr\/produits\/"},{"@type":"ListItem","position":3,"name":"Produits chimiques","item":"https:\/\/www.boilermag.com\/fr\/produits\/produits-chimiques\/"},{"@type":"ListItem","position":4,"name":"Kit Part L"}]},{"@type":"WebSite","@id":"https:\/\/www.boilermag.com\/fr\/#website","url":"https:\/\/www.boilermag.com\/fr\/","name":"BoilerMag","description":"High Quality Magnetic Heating System Filters","potentialAction":[{"@type":"SearchAction","target":{"@type":"EntryPoint","urlTemplate":"https:\/\/www.boilermag.com\/fr\/?s={search_term_string}"},"query-input":{"@type":"PropertyValueSpecification","valueRequired":true,"valueName":"search_term_string"}}],"inLanguage":"en-US"}]}},"_links":{"self":[{"href":"https:\/\/www.boilermag.com\/fr\/wp-json\/wp\/v2\/pages\/5166","targetHints":{"allow":["GET"]}}],"collection":[{"href":"https:\/\/www.boilermag.com\/fr\/wp-json\/wp\/v2\/pages"}],"about":[{"href":"https:\/\/www.boilermag.com\/fr\/wp-json\/wp\/v2\/types\/page"}],"author":[{"embeddable":true,"href":"https:\/\/www.boilermag.com\/fr\/wp-json\/wp\/v2\/users\/6"}],"replies":[{"embeddable":true,"href":"https:\/\/www.boilermag.com\/fr\/wp-json\/wp\/v2\/comments?post=5166"}],"version-history":[{"count":5,"href":"https:\/\/www.boilermag.com\/fr\/wp-json\/wp\/v2\/pages\/5166\/revisions"}],"predecessor-version":[{"id":7070,"href":"https:\/\/www.boilermag.com\/fr\/wp-json\/wp\/v2\/pages\/5166\/revisions\/7070"}],"up":[{"embeddable":true,"href":"https:\/\/www.boilermag.com\/fr\/wp-json\/wp\/v2\/pages\/4069"}],"wp:attachment":[{"href":"https:\/\/www.boilermag.com\/fr\/wp-json\/wp\/v2\/media?parent=5166"}],"curies":[{"name":"wp","href":"https:\/\/api.w.org\/{rel}","templated":true}]}}